{"id":1852,"date":"2020-05-14T17:18:02","date_gmt":"2020-05-14T15:18:02","guid":{"rendered":"http:\/\/roulopa.com\/?page_id=1852"},"modified":"2025-11-21T13:24:15","modified_gmt":"2025-11-21T12:24:15","slug":"partenariats","status":"publish","type":"page","link":"https:\/\/roulopa.com\/index.php\/partenariats\/","title":{"rendered":"partenariats"},"content":{"rendered":"<p>[et_pb_section fb_built=\u00a0\u00bb1&Prime; _builder_version=\u00a0\u00bb4.4.6&Prime; background_color=\u00a0\u00bbrgba(0,0,0,0.86)\u00a0\u00bb][et_pb_row column_structure=\u00a0\u00bb3_4,1_4&Prime; _builder_version=\u00a0\u00bb4.9.3&Prime;][et_pb_column type=\u00a0\u00bb3_4&Prime; _builder_version=\u00a0\u00bb4.4.6&Prime;][et_pb_gallery gallery_ids=\u00a0\u00bb1854,1853,1613,1425,1067,1059,977,974,972,970,969,967,485,442,296,282,2491,2549,2854,2878,3042,3134,3741,3789,3826,3140,4049&Prime; posts_number=\u00a0\u00bb30&Prime; _builder_version=\u00a0\u00bb4.9.3&Prime; width=\u00a0\u00bb100%\u00a0\u00bb max_width=\u00a0\u00bb100%\u00a0\u00bb min_height=\u00a0\u00bb1000px\u00a0\u00bb height=\u00a0\u00bb1000px\u00a0\u00bb max_height=\u00a0\u00bb200px\u00a0\u00bb link_option_url=\u00a0\u00bbhttps:\/\/www.openrunner.com\u00a0\u00bb hover_enabled=\u00a0\u00bb0&Prime; sticky_enabled=\u00a0\u00bb0&Prime;][\/et_pb_gallery][\/et_pb_column][et_pb_column type=\u00a0\u00bb1_4&Prime; _builder_version=\u00a0\u00bb4.4.6&Prime;][et_pb_text _builder_version=\u00a0\u00bb4.4.6&Prime;]Tous les partenaires de l&rsquo;association sont list\u00e9s pour les remercier de leur soutien. Pas de relation d&rsquo;argent, juste une confiance dans de bons prestataires avec des produits de qualit\u00e9 et un service apr\u00e8s vente digne de ce nom. Ils nous font confiance, nous aussi![\/et_pb_text][\/et_pb_column][\/et_pb_row][\/et_pb_section]<\/p>\n","protected":false},"excerpt":{"rendered":"<p>[et_pb_section fb_built=\u00a0\u00bb1&Prime; _builder_version=\u00a0\u00bb4.4.6&Prime; background_color=\u00a0\u00bbrgba(0,0,0,0.86)\u00a0\u00bb][et_pb_row column_structure=\u00a0\u00bb3_4,1_4&Prime; _builder_version=\u00a0\u00bb4.9.3&Prime;][et_pb_column type=\u00a0\u00bb3_4&Prime; _builder_version=\u00a0\u00bb4.4.6&Prime;][et_pb_gallery gallery_ids=\u00a0\u00bb1854,1853,1613,1425,1067,1059,977,974,972,970,969,967,485,442,296,282,2491,2549,2854,2878,3042,3134,3741,3789,3826,3140,4049&Prime; posts_number=\u00a0\u00bb30&Prime; _builder_version=\u00a0\u00bb4.9.3&Prime; width=\u00a0\u00bb100%\u00a0\u00bb max_width=\u00a0\u00bb100%\u00a0\u00bb min_height=\u00a0\u00bb1000px\u00a0\u00bb height=\u00a0\u00bb1000px\u00a0\u00bb max_height=\u00a0\u00bb200px\u00a0\u00bb link_option_url=\u00a0\u00bbhttps:\/\/www.openrunner.com\u00a0\u00bb hover_enabled=\u00a0\u00bb0&Prime; sticky_enabled=\u00a0\u00bb0&Prime;][\/et_pb_gallery][\/et_pb_column][et_pb_column type=\u00a0\u00bb1_4&Prime; _builder_version=\u00a0\u00bb4.4.6&Prime;][et_pb_text _builder_version=\u00a0\u00bb4.4.6&Prime;]Tous les partenaires de l&rsquo;association sont list\u00e9s pour les remercier de leur soutien. Pas de relation d&rsquo;argent, juste une confiance dans de bons prestataires avec des produits de qualit\u00e9 et un service apr\u00e8s vente [&hellip;]<\/p>\n","protected":false},"author":1,"featured_media":0,"parent":0,"menu_order":0,"comment_status":"closed","ping_status":"closed","template":"","meta":{"_et_pb_use_builder":"on","_et_pb_old_content":"<!-- wp:paragraph -->\n<p>Ils nous soutiennent, merci \u00e0 eux!<\/p>\n<!-- \/wp:paragraph -->\n\n<!-- wp:gallery {\"ids\":[282,442,485,1067,1059,977,974,967,968,969,970,972,1113,1110,1425,1613,1853,1854,1855]} -->\n<figure class=\"wp-block-gallery columns-3 is-cropped\"><ul class=\"blocks-gallery-grid\"><li class=\"blocks-gallery-item\"><figure><img src=\"http:\/\/roulopa.com\/wp-content\/uploads\/2017\/12\/Logo-Blanc-1024x1024.png\" alt=\"\" data-id=\"282\" data-full-url=\"http:\/\/roulopa.com\/wp-content\/uploads\/2017\/12\/Logo-Blanc.png\" data-link=\"http:\/\/roulopa.com\/logo-blanc\/\" class=\"wp-image-282\"\/><\/figure><\/li><li class=\"blocks-gallery-item\"><figure><img src=\"http:\/\/roulopa.com\/wp-content\/uploads\/2018\/01\/logo_sunplicity_final.png\" alt=\"\" data-id=\"442\" data-full-url=\"http:\/\/roulopa.com\/wp-content\/uploads\/2018\/01\/logo_sunplicity_final.png\" data-link=\"http:\/\/roulopa.com\/logo_sunplicity_final\/\" class=\"wp-image-442\"\/><\/figure><\/li><li class=\"blocks-gallery-item\"><figure><img src=\"http:\/\/roulopa.com\/wp-content\/uploads\/2018\/01\/logoBelttent.png\" alt=\"\" data-id=\"485\" data-full-url=\"http:\/\/roulopa.com\/wp-content\/uploads\/2018\/01\/logoBelttent.png\" data-link=\"http:\/\/roulopa.com\/logobelttent\/\" class=\"wp-image-485\"\/><\/figure><\/li><li class=\"blocks-gallery-item\"><figure><img src=\"http:\/\/roulopa.com\/wp-content\/uploads\/2018\/04\/logo-4.png\" alt=\"sikkens\" data-id=\"1067\" data-full-url=\"http:\/\/roulopa.com\/wp-content\/uploads\/2018\/04\/logo-4.png\" data-link=\"http:\/\/roulopa.com\/logo-5\/\" class=\"wp-image-1067\"\/><\/figure><\/li><li class=\"blocks-gallery-item\"><figure><img src=\"http:\/\/roulopa.com\/wp-content\/uploads\/2018\/04\/EspriTraiT-logo-1024x698.png\" alt=\"espritrait\" data-id=\"1059\" data-full-url=\"http:\/\/roulopa.com\/wp-content\/uploads\/2018\/04\/EspriTraiT-logo.png\" data-link=\"http:\/\/roulopa.com\/espritrait-logo\/\" class=\"wp-image-1059\"\/><\/figure><\/li><li class=\"blocks-gallery-item\"><figure><img src=\"http:\/\/roulopa.com\/wp-content\/uploads\/2018\/04\/logo-2.png\" alt=\"\" data-id=\"977\" data-full-url=\"http:\/\/roulopa.com\/wp-content\/uploads\/2018\/04\/logo-2.png\" data-link=\"http:\/\/roulopa.com\/logo-3\/\" class=\"wp-image-977\"\/><\/figure><\/li><li class=\"blocks-gallery-item\"><figure><img src=\"http:\/\/roulopa.com\/wp-content\/uploads\/2018\/04\/logoLeRelais.png\" alt=\"\" data-id=\"974\" data-full-url=\"http:\/\/roulopa.com\/wp-content\/uploads\/2018\/04\/logoLeRelais.png\" data-link=\"http:\/\/roulopa.com\/logolerelais\/\" class=\"wp-image-974\"\/><\/figure><\/li><li class=\"blocks-gallery-item\"><figure><img src=\"http:\/\/roulopa.com\/wp-content\/uploads\/2018\/04\/LOGOTYPE-CEPM-petit-902x1024.png\" alt=\"\" data-id=\"967\" data-full-url=\"http:\/\/roulopa.com\/wp-content\/uploads\/2018\/04\/LOGOTYPE-CEPM-petit.png\" data-link=\"http:\/\/roulopa.com\/logotype-cepm-petit\/\" class=\"wp-image-967\"\/><\/figure><\/li><li class=\"blocks-gallery-item\"><figure><img src=\"http:\/\/roulopa.com\/wp-content\/uploads\/2018\/04\/CNAS-logo.png\" alt=\"\" data-id=\"968\" data-full-url=\"http:\/\/roulopa.com\/wp-content\/uploads\/2018\/04\/CNAS-logo.png\" data-link=\"http:\/\/roulopa.com\/cnas-logo\/\" class=\"wp-image-968\"\/><\/figure><\/li><li class=\"blocks-gallery-item\"><figure><img src=\"http:\/\/roulopa.com\/wp-content\/uploads\/2018\/04\/logo.png\" alt=\"\" data-id=\"969\" data-full-url=\"http:\/\/roulopa.com\/wp-content\/uploads\/2018\/04\/logo.png\" data-link=\"http:\/\/roulopa.com\/logo\/\" class=\"wp-image-969\"\/><\/figure><\/li><li class=\"blocks-gallery-item\"><figure><img src=\"http:\/\/roulopa.com\/wp-content\/uploads\/2018\/04\/CNAS-logo-1-1024x443.png\" alt=\"\" data-id=\"970\" data-full-url=\"http:\/\/roulopa.com\/wp-content\/uploads\/2018\/04\/CNAS-logo-1.png\" data-link=\"http:\/\/roulopa.com\/cnas-logo-2\/\" class=\"wp-image-970\"\/><\/figure><\/li><li class=\"blocks-gallery-item\"><figure><img src=\"http:\/\/roulopa.com\/wp-content\/uploads\/2018\/04\/logo-1.png\" alt=\"\" data-id=\"972\" data-full-url=\"http:\/\/roulopa.com\/wp-content\/uploads\/2018\/04\/logo-1.png\" data-link=\"http:\/\/roulopa.com\/logo-2\/\" class=\"wp-image-972\"\/><\/figure><\/li><li class=\"blocks-gallery-item\"><figure><img src=\"http:\/\/roulopa.com\/wp-content\/uploads\/2018\/05\/footer-sunbrella.png\" alt=\"\" data-id=\"1113\" data-full-url=\"http:\/\/roulopa.com\/wp-content\/uploads\/2018\/05\/footer-sunbrella.png\" data-link=\"http:\/\/roulopa.com\/footer-sunbrella\/\" class=\"wp-image-1113\"\/><\/figure><\/li><li class=\"blocks-gallery-item\"><figure><img src=\"http:\/\/roulopa.com\/wp-content\/uploads\/2018\/05\/Logo_AMANN-1024x771.png\" alt=\"\" data-id=\"1110\" data-full-url=\"http:\/\/roulopa.com\/wp-content\/uploads\/2018\/05\/Logo_AMANN.png\" data-link=\"http:\/\/roulopa.com\/logo_amann\/\" class=\"wp-image-1110\"\/><\/figure><\/li><li class=\"blocks-gallery-item\"><figure><img src=\"http:\/\/roulopa.com\/wp-content\/uploads\/2018\/10\/logo-sos-sabots-site-4-1024x709.png\" alt=\"logo sosabots\" data-id=\"1425\" data-full-url=\"http:\/\/roulopa.com\/wp-content\/uploads\/2018\/10\/logo-sos-sabots-site-4.png\" data-link=\"http:\/\/roulopa.com\/logo-sos-sabots-site-4\/\" class=\"wp-image-1425\"\/><\/figure><\/li><li class=\"blocks-gallery-item\"><figure><img src=\"http:\/\/roulopa.com\/wp-content\/uploads\/2019\/06\/logo.png\" alt=\"openrunner\" data-id=\"1613\" data-full-url=\"http:\/\/roulopa.com\/wp-content\/uploads\/2019\/06\/logo.png\" data-link=\"http:\/\/roulopa.com\/logo-7\/\" class=\"wp-image-1613\"\/><\/figure><\/li><li class=\"blocks-gallery-item\"><figure><img src=\"http:\/\/roulopa.com\/wp-content\/uploads\/2020\/05\/Logo_AMANN-1024x771.png\" alt=\"\" data-id=\"1853\" data-full-url=\"http:\/\/roulopa.com\/wp-content\/uploads\/2020\/05\/Logo_AMANN.png\" data-link=\"http:\/\/roulopa.com\/?attachment_id=1853\" class=\"wp-image-1853\"\/><\/figure><\/li><li class=\"blocks-gallery-item\"><figure><img src=\"http:\/\/roulopa.com\/wp-content\/uploads\/2020\/05\/boutique-parage-logo-1491410502_blc.png\" alt=\"\" data-id=\"1854\" data-full-url=\"http:\/\/roulopa.com\/wp-content\/uploads\/2020\/05\/boutique-parage-logo-1491410502_blc.png\" data-link=\"http:\/\/roulopa.com\/?attachment_id=1854\" class=\"wp-image-1854\"\/><\/figure><\/li><li class=\"blocks-gallery-item\"><figure><img src=\"http:\/\/roulopa.com\/wp-content\/uploads\/2020\/05\/volteo-logo_blc.png\" alt=\"\" data-id=\"1855\" data-full-url=\"http:\/\/roulopa.com\/wp-content\/uploads\/2020\/05\/volteo-logo_blc.png\" data-link=\"http:\/\/roulopa.com\/?attachment_id=1855\" class=\"wp-image-1855\"\/><\/figure><\/li><\/ul><\/figure>\n<!-- \/wp:gallery -->","_et_gb_content_width":"","om_disable_all_campaigns":false,"_monsterinsights_skip_tracking":false,"_monsterinsights_sitenote_active":false,"_monsterinsights_sitenote_note":"","_monsterinsights_sitenote_category":0,"jetpack_post_was_ever_published":false,"footnotes":""},"class_list":["post-1852","page","type-page","status-publish","hentry"],"yoast_head":"<!-- This site is optimized with the Yoast SEO plugin v27.3 - https:\/\/yoast.com\/product\/yoast-seo-wordpress\/ -->\n<title>partenariats - Roulopa<\/title>\n<meta name=\"robots\" content=\"index, follow, max-snippet:-1, max-image-preview:large, max-video-preview:-1\" \/>\n<link rel=\"canonical\" href=\"https:\/\/roulopa.com\/index.php\/partenariats\/\" \/>\n<meta property=\"og:locale\" content=\"fr_FR\" \/>\n<meta property=\"og:type\" content=\"article\" \/>\n<meta property=\"og:title\" content=\"partenariats - Roulopa\" \/>\n<meta property=\"og:description\" content=\"[et_pb_section fb_built=\u00a0\u00bb1&Prime; _builder_version=\u00a0\u00bb4.4.6&Prime; background_color=\u00a0\u00bbrgba(0,0,0,0.86)\u00a0\u00bb][et_pb_row column_structure=\u00a0\u00bb3_4,1_4&Prime; _builder_version=\u00a0\u00bb4.9.3&Prime;][et_pb_column type=\u00a0\u00bb3_4&Prime; _builder_version=\u00a0\u00bb4.4.6&Prime;][et_pb_gallery gallery_ids=\u00a0\u00bb1854,1853,1613,1425,1067,1059,977,974,972,970,969,967,485,442,296,282,2491,2549,2854,2878,3042,3134,3741,3789,3826,3140,4049&Prime; posts_number=\u00a0\u00bb30&Prime; _builder_version=\u00a0\u00bb4.9.3&Prime; width=\u00a0\u00bb100%\u00a0\u00bb max_width=\u00a0\u00bb100%\u00a0\u00bb min_height=\u00a0\u00bb1000px\u00a0\u00bb height=\u00a0\u00bb1000px\u00a0\u00bb max_height=\u00a0\u00bb200px\u00a0\u00bb link_option_url=\u00a0\u00bbhttps:\/\/www.openrunner.com\u00a0\u00bb hover_enabled=\u00a0\u00bb0&Prime; sticky_enabled=\u00a0\u00bb0&Prime;][\/et_pb_gallery][\/et_pb_column][et_pb_column type=\u00a0\u00bb1_4&Prime; _builder_version=\u00a0\u00bb4.4.6&Prime;][et_pb_text _builder_version=\u00a0\u00bb4.4.6&Prime;]Tous les partenaires de l&rsquo;association sont list\u00e9s pour les remercier de leur soutien. Pas de relation d&rsquo;argent, juste une confiance dans de bons prestataires avec des produits de qualit\u00e9 et un service apr\u00e8s vente [&hellip;]\" \/>\n<meta property=\"og:url\" content=\"https:\/\/roulopa.com\/index.php\/partenariats\/\" \/>\n<meta property=\"og:site_name\" content=\"Roulopa\" \/>\n<meta property=\"article:publisher\" content=\"https:\/\/www.facebook.com\/roulopa\/\" \/>\n<meta property=\"article:modified_time\" content=\"2025-11-21T12:24:15+00:00\" \/>\n<meta name=\"twitter:card\" content=\"summary_large_image\" \/>\n<meta name=\"twitter:label1\" content=\"Dur\u00e9e de lecture estim\u00e9e\" \/>\n\t<meta name=\"twitter:data1\" content=\"1 minute\" \/>\n<script type=\"application\/ld+json\" class=\"yoast-schema-graph\">{\"@context\":\"https:\\\/\\\/schema.org\",\"@graph\":[{\"@type\":\"WebPage\",\"@id\":\"https:\\\/\\\/roulopa.com\\\/index.php\\\/partenariats\\\/\",\"url\":\"https:\\\/\\\/roulopa.com\\\/index.php\\\/partenariats\\\/\",\"name\":\"partenariats - Roulopa\",\"isPartOf\":{\"@id\":\"https:\\\/\\\/roulopa.com\\\/#website\"},\"datePublished\":\"2020-05-14T15:18:02+00:00\",\"dateModified\":\"2025-11-21T12:24:15+00:00\",\"breadcrumb\":{\"@id\":\"https:\\\/\\\/roulopa.com\\\/index.php\\\/partenariats\\\/#breadcrumb\"},\"inLanguage\":\"fr-FR\",\"potentialAction\":[{\"@type\":\"ReadAction\",\"target\":[\"https:\\\/\\\/roulopa.com\\\/index.php\\\/partenariats\\\/\"]}]},{\"@type\":\"BreadcrumbList\",\"@id\":\"https:\\\/\\\/roulopa.com\\\/index.php\\\/partenariats\\\/#breadcrumb\",\"itemListElement\":[{\"@type\":\"ListItem\",\"position\":1,\"name\":\"Accueil\",\"item\":\"https:\\\/\\\/roulopa.com\\\/\"},{\"@type\":\"ListItem\",\"position\":2,\"name\":\"partenariats\"}]},{\"@type\":\"WebSite\",\"@id\":\"https:\\\/\\\/roulopa.com\\\/#website\",\"url\":\"https:\\\/\\\/roulopa.com\\\/\",\"name\":\"Roulopa\",\"description\":\"exp\u00e9dition en Roulotte \u00e0 cheval : animations, g\u00eete, accueils scolaires, attelage\",\"publisher\":{\"@id\":\"https:\\\/\\\/roulopa.com\\\/#organization\"},\"potentialAction\":[{\"@type\":\"SearchAction\",\"target\":{\"@type\":\"EntryPoint\",\"urlTemplate\":\"https:\\\/\\\/roulopa.com\\\/?s={search_term_string}\"},\"query-input\":{\"@type\":\"PropertyValueSpecification\",\"valueRequired\":true,\"valueName\":\"search_term_string\"}}],\"inLanguage\":\"fr-FR\"},{\"@type\":\"Organization\",\"@id\":\"https:\\\/\\\/roulopa.com\\\/#organization\",\"name\":\"roulopa\",\"url\":\"https:\\\/\\\/roulopa.com\\\/\",\"logo\":{\"@type\":\"ImageObject\",\"inLanguage\":\"fr-FR\",\"@id\":\"https:\\\/\\\/roulopa.com\\\/#\\\/schema\\\/logo\\\/image\\\/\",\"url\":\"https:\\\/\\\/i2.wp.com\\\/roulopa.com\\\/wp-content\\\/uploads\\\/2017\\\/12\\\/roulopa_final.jpg?fit=2048%2C1011&ssl=1\",\"contentUrl\":\"https:\\\/\\\/i2.wp.com\\\/roulopa.com\\\/wp-content\\\/uploads\\\/2017\\\/12\\\/roulopa_final.jpg?fit=2048%2C1011&ssl=1\",\"width\":2048,\"height\":1011,\"caption\":\"roulopa\"},\"image\":{\"@id\":\"https:\\\/\\\/roulopa.com\\\/#\\\/schema\\\/logo\\\/image\\\/\"},\"sameAs\":[\"https:\\\/\\\/www.facebook.com\\\/roulopa\\\/\",\"https:\\\/\\\/www.instagram.com\\\/roulopa\\\/\",\"https:\\\/\\\/www.pinterest.fr\\\/roulopa\\\/\",\"https:\\\/\\\/www.youtube.com\\\/channel\\\/UC5BRVVWv8QY35HjOtAPaROA\\\/featured\"]}]}<\/script>\n<!-- \/ Yoast SEO plugin. -->","yoast_head_json":{"title":"partenariats - Roulopa","robots":{"index":"index","follow":"follow","max-snippet":"max-snippet:-1","max-image-preview":"max-image-preview:large","max-video-preview":"max-video-preview:-1"},"canonical":"https:\/\/roulopa.com\/index.php\/partenariats\/","og_locale":"fr_FR","og_type":"article","og_title":"partenariats - Roulopa","og_description":"[et_pb_section fb_built=\u00a0\u00bb1&Prime; _builder_version=\u00a0\u00bb4.4.6&Prime; background_color=\u00a0\u00bbrgba(0,0,0,0.86)\u00a0\u00bb][et_pb_row column_structure=\u00a0\u00bb3_4,1_4&Prime; _builder_version=\u00a0\u00bb4.9.3&Prime;][et_pb_column type=\u00a0\u00bb3_4&Prime; _builder_version=\u00a0\u00bb4.4.6&Prime;][et_pb_gallery gallery_ids=\u00a0\u00bb1854,1853,1613,1425,1067,1059,977,974,972,970,969,967,485,442,296,282,2491,2549,2854,2878,3042,3134,3741,3789,3826,3140,4049&Prime; posts_number=\u00a0\u00bb30&Prime; _builder_version=\u00a0\u00bb4.9.3&Prime; width=\u00a0\u00bb100%\u00a0\u00bb max_width=\u00a0\u00bb100%\u00a0\u00bb min_height=\u00a0\u00bb1000px\u00a0\u00bb height=\u00a0\u00bb1000px\u00a0\u00bb max_height=\u00a0\u00bb200px\u00a0\u00bb link_option_url=\u00a0\u00bbhttps:\/\/www.openrunner.com\u00a0\u00bb hover_enabled=\u00a0\u00bb0&Prime; sticky_enabled=\u00a0\u00bb0&Prime;][\/et_pb_gallery][\/et_pb_column][et_pb_column type=\u00a0\u00bb1_4&Prime; _builder_version=\u00a0\u00bb4.4.6&Prime;][et_pb_text _builder_version=\u00a0\u00bb4.4.6&Prime;]Tous les partenaires de l&rsquo;association sont list\u00e9s pour les remercier de leur soutien. Pas de relation d&rsquo;argent, juste une confiance dans de bons prestataires avec des produits de qualit\u00e9 et un service apr\u00e8s vente [&hellip;]","og_url":"https:\/\/roulopa.com\/index.php\/partenariats\/","og_site_name":"Roulopa","article_publisher":"https:\/\/www.facebook.com\/roulopa\/","article_modified_time":"2025-11-21T12:24:15+00:00","twitter_card":"summary_large_image","twitter_misc":{"Dur\u00e9e de lecture estim\u00e9e":"1 minute"},"schema":{"@context":"https:\/\/schema.org","@graph":[{"@type":"WebPage","@id":"https:\/\/roulopa.com\/index.php\/partenariats\/","url":"https:\/\/roulopa.com\/index.php\/partenariats\/","name":"partenariats - Roulopa","isPartOf":{"@id":"https:\/\/roulopa.com\/#website"},"datePublished":"2020-05-14T15:18:02+00:00","dateModified":"2025-11-21T12:24:15+00:00","breadcrumb":{"@id":"https:\/\/roulopa.com\/index.php\/partenariats\/#breadcrumb"},"inLanguage":"fr-FR","potentialAction":[{"@type":"ReadAction","target":["https:\/\/roulopa.com\/index.php\/partenariats\/"]}]},{"@type":"BreadcrumbList","@id":"https:\/\/roulopa.com\/index.php\/partenariats\/#breadcrumb","itemListElement":[{"@type":"ListItem","position":1,"name":"Accueil","item":"https:\/\/roulopa.com\/"},{"@type":"ListItem","position":2,"name":"partenariats"}]},{"@type":"WebSite","@id":"https:\/\/roulopa.com\/#website","url":"https:\/\/roulopa.com\/","name":"Roulopa","description":"exp\u00e9dition en Roulotte \u00e0 cheval : animations, g\u00eete, accueils scolaires, attelage","publisher":{"@id":"https:\/\/roulopa.com\/#organization"},"potentialAction":[{"@type":"SearchAction","target":{"@type":"EntryPoint","urlTemplate":"https:\/\/roulopa.com\/?s={search_term_string}"},"query-input":{"@type":"PropertyValueSpecification","valueRequired":true,"valueName":"search_term_string"}}],"inLanguage":"fr-FR"},{"@type":"Organization","@id":"https:\/\/roulopa.com\/#organization","name":"roulopa","url":"https:\/\/roulopa.com\/","logo":{"@type":"ImageObject","inLanguage":"fr-FR","@id":"https:\/\/roulopa.com\/#\/schema\/logo\/image\/","url":"https:\/\/i2.wp.com\/roulopa.com\/wp-content\/uploads\/2017\/12\/roulopa_final.jpg?fit=2048%2C1011&ssl=1","contentUrl":"https:\/\/i2.wp.com\/roulopa.com\/wp-content\/uploads\/2017\/12\/roulopa_final.jpg?fit=2048%2C1011&ssl=1","width":2048,"height":1011,"caption":"roulopa"},"image":{"@id":"https:\/\/roulopa.com\/#\/schema\/logo\/image\/"},"sameAs":["https:\/\/www.facebook.com\/roulopa\/","https:\/\/www.instagram.com\/roulopa\/","https:\/\/www.pinterest.fr\/roulopa\/","https:\/\/www.youtube.com\/channel\/UC5BRVVWv8QY35HjOtAPaROA\/featured"]}]}},"jetpack_sharing_enabled":true,"_links":{"self":[{"href":"https:\/\/roulopa.com\/index.php\/wp-json\/wp\/v2\/pages\/1852","targetHints":{"allow":["GET"]}}],"collection":[{"href":"https:\/\/roulopa.com\/index.php\/wp-json\/wp\/v2\/pages"}],"about":[{"href":"https:\/\/roulopa.com\/index.php\/wp-json\/wp\/v2\/types\/page"}],"author":[{"embeddable":true,"href":"https:\/\/roulopa.com\/index.php\/wp-json\/wp\/v2\/users\/1"}],"replies":[{"embeddable":true,"href":"https:\/\/roulopa.com\/index.php\/wp-json\/wp\/v2\/comments?post=1852"}],"version-history":[{"count":32,"href":"https:\/\/roulopa.com\/index.php\/wp-json\/wp\/v2\/pages\/1852\/revisions"}],"predecessor-version":[{"id":4051,"href":"https:\/\/roulopa.com\/index.php\/wp-json\/wp\/v2\/pages\/1852\/revisions\/4051"}],"wp:attachment":[{"href":"https:\/\/roulopa.com\/index.php\/wp-json\/wp\/v2\/media?parent=1852"}],"curies":[{"name":"wp","href":"https:\/\/api.w.org\/{rel}","templated":true}]}}