{"id":2330,"date":"2020-09-29T23:46:35","date_gmt":"2020-09-29T21:46:35","guid":{"rendered":"http:\/\/roulopa.com\/?page_id=2330"},"modified":"2023-02-20T16:39:19","modified_gmt":"2023-02-20T15:39:19","slug":"lecoleporteurs","status":"publish","type":"page","link":"https:\/\/roulopa.com\/index.php\/lecoleporteurs\/","title":{"rendered":"lecoleporteurs"},"content":{"rendered":"<p>[et_pb_section fb_built=\u00a0\u00bb1&Prime; fullwidth=\u00a0\u00bbon\u00a0\u00bb _builder_version=\u00a0\u00bb3.22.3&Prime;][et_pb_fullwidth_image src=\u00a0\u00bbhttps:\/\/roulopa.com\/wp-content\/uploads\/2020\/10\/bannieres_ecoleporteurs-1024&#215;489-1.jpg\u00a0\u00bb alt=\u00a0\u00bbbanni\u00e8re\u00a0\u00bb title_text=\u00a0\u00bbbannieres_ecoleporteurs-1024&#215;489&Prime; _builder_version=\u00a0\u00bb4.4.6&Prime;][\/et_pb_fullwidth_image][\/et_pb_section][et_pb_section fb_built=\u00a0\u00bb1&Prime; admin_label=\u00a0\u00bbsection\u00a0\u00bb _builder_version=\u00a0\u00bb3.22.3&Prime; custom_margin=\u00a0\u00bb||-2px|||\u00a0\u00bb][et_pb_row admin_label=\u00a0\u00bbrow\u00a0\u00bb _builder_version=\u00a0\u00bb3.25&Prime; background_size=\u00a0\u00bbinitial\u00a0\u00bb background_position=\u00a0\u00bbtop_left\u00a0\u00bb background_repeat=\u00a0\u00bbrepeat\u00a0\u00bb][et_pb_column type=\u00a0\u00bb4_4&Prime; _builder_version=\u00a0\u00bb3.25&Prime; custom_padding=\u00a0\u00bb|||\u00a0\u00bb custom_padding__hover=\u00a0\u00bb|||\u00a0\u00bb][et_pb_text _builder_version=\u00a0\u00bb3.27.4&Prime; custom_padding=\u00a0\u00bb38px|||||\u00a0\u00bb]<\/p>\n<h2>ROULOPA ouvre sont campement pour des accueils de groupe de <strong>tous \u00e2ges<\/strong><span style=\"font-weight: 400;\"><\/span><\/h2>\n<p><span style=\"font-weight: 400;\"><\/span><\/p>\n<p><span style=\"font-weight: 400;\">Lors de nos itin\u00e9rances, nous proposons des animations autour du convoi.<\/span><span style=\"font-weight: 400;\"><br \/><\/span><\/p>\n<p><span style=\"font-weight: 400;\">Accessible aux plus petits comme aux plus grands (maternelle, \u00e9l\u00e9mentaire, coll\u00e8ge ou lyc\u00e9e).<br \/><\/span><\/p>\n<p><span style=\"font-weight: 400;\">Le format d&rsquo;animation autour du campement n\u00e9cessite un lieu d&rsquo;accueil non loin des \u00e9tablissements.<\/span><\/p>\n<p><span style=\"font-weight: 400;\"><\/span><\/p>\n<blockquote>\n<p><span style=\"font-weight: 400;\">Deux formats de partenariats : prestations r\u00e9mun\u00e9r\u00e9e ou en partie sur format du troc!<\/span><\/p>\n<\/blockquote>\n<h2>Au programme<\/h2>\n<p>(visite adapt\u00e9 au cycles d&rsquo;apprentissage) du cycle 1 au lyc\u00e9e professionnel<strong><br \/><\/strong><\/p>\n<ul>\n<li>Visite du campement.<\/li>\n<li>D\u00e9monstration et explications du mat\u00e9riel utilis\u00e9.<\/li>\n<li>Promotion et valorisation de la traction animale.<\/li>\n<li>Temps d&rsquo;\u00e9changes avec le public sur chaque stand.<\/li>\n<\/ul>\n<p><span style=\"font-weight: 400;\"><\/span><\/p>\n<p>[\/et_pb_text][\/et_pb_column][\/et_pb_row][et_pb_row _builder_version=\u00a0\u00bb3.25&Prime;][et_pb_column type=\u00a0\u00bb4_4&Prime; _builder_version=\u00a0\u00bb3.25&Prime; custom_padding=\u00a0\u00bb|||\u00a0\u00bb custom_padding__hover=\u00a0\u00bb|||\u00a0\u00bb][et_pb_text _builder_version=\u00a0\u00bb4.4.6&Prime; custom_padding=\u00a0\u00bb1px||28px|||\u00a0\u00bb]<\/p>\n<h2>L&rsquo;\u00e9cole-porteurs<\/h2>\n<p>[\/et_pb_text][\/et_pb_column][\/et_pb_row][et_pb_row column_structure=\u00a0\u00bb1_3,1_3,1_3&Prime; _builder_version=\u00a0\u00bb3.25&Prime;][et_pb_column type=\u00a0\u00bb1_3&Prime; _builder_version=\u00a0\u00bb3.25&Prime; custom_padding=\u00a0\u00bb|||\u00a0\u00bb custom_padding__hover=\u00a0\u00bb|||\u00a0\u00bb][et_pb_image src=\u00a0\u00bbhttps:\/\/roulopa.com\/wp-content\/uploads\/2019\/06\/pictoEnf.png\u00a0\u00bb align=\u00a0\u00bbcenter\u00a0\u00bb align_tablet=\u00a0\u00bbcenter\u00a0\u00bb align_phone=\u00a0\u00bb\u00a0\u00bb align_last_edited=\u00a0\u00bbon|desktop\u00a0\u00bb _builder_version=\u00a0\u00bb3.23&Prime; max_width=\u00a0\u00bb60%\u00a0\u00bb][\/et_pb_image][et_pb_text _builder_version=\u00a0\u00bb3.27.4&Prime; link_option_url=\u00a0\u00bbhttps:\/\/drive.google.com\/open?id=11fGcCA-chCt3W&#8211;PklmsKRFIqkfxa0ZW\u00a0\u00bb]<\/p>\n<p style=\"text-align: center;\"><strong>Accueil de groupes<br \/>\n<\/strong><\/p>\n<p>[\/et_pb_text][\/et_pb_column][et_pb_column type=\u00a0\u00bb1_3&Prime; _builder_version=\u00a0\u00bb3.25&Prime; custom_padding=\u00a0\u00bb|||\u00a0\u00bb custom_padding__hover=\u00a0\u00bb|||\u00a0\u00bb][et_pb_image src=\u00a0\u00bbhttps:\/\/roulopa.com\/wp-content\/uploads\/2020\/09\/003-e1601462589409.png\u00a0\u00bb alt=\u00a0\u00bbdessin\u00a0\u00bb title_text=\u00a0\u00bb\u00e9crit ou dessin\u00e9\u00a0\u00bb _builder_version=\u00a0\u00bb4.4.6&Prime;][\/et_pb_image][et_pb_text _builder_version=\u00a0\u00bb4.4.6&Prime;]<\/p>\n<p>&nbsp;<\/p>\n<blockquote>\n<p>Cliquez pour un programme de visite d\u00e9taill\u00e9 et adapt\u00e9 \u00e0 chaque cycle.<\/p>\n<\/blockquote>\n<p>Cycle 1 (maternelle) : Groupe de 15\/20, Parcours de 30 minutes avec conte en musique .<br \/>Cycle 2 \u00e0 4 (\u00e9l\u00e9mentaire et coll\u00e8ge) : Groupe de 20\/25, Parcours de 1 heure.<\/p>\n<p>Cycle Lyc\u00e9e g\u00e9n\u00e9ral et Lyc\u00e9e pro : Classe enti\u00e8re, par 1\/2 journ\u00e9e (3 heures).<\/p>\n<p>[\/et_pb_text][\/et_pb_column][et_pb_column type=\u00a0\u00bb1_3&Prime; _builder_version=\u00a0\u00bb3.25&Prime; custom_padding=\u00a0\u00bb|||\u00a0\u00bb custom_padding__hover=\u00a0\u00bb|||\u00a0\u00bb][et_pb_text _builder_version=\u00a0\u00bb4.4.6&Prime;]<\/p>\n<p>L'\u00a0\u00bb\u00e9cole-porteurs\u00a0\u00bb propose aux groupes scolaires de faire une restitution, sous la forme de leur choix (dessin, texte, reportage photo, support num\u00e9rique ou papier).<\/p>\n<p>Ces \u0153uvres sont amen\u00e9es au prochain \u00e9tablissement avec une carte postale pour cr\u00e9er du lien.<\/p>\n<p>[\/et_pb_text][et_pb_image src=\u00a0\u00bbhttps:\/\/roulopa.com\/wp-content\/uploads\/2020\/09\/004.png\u00a0\u00bb alt=\u00a0\u00bbacrostiche\u00a0\u00bb title_text=\u00a0\u00bbacrostiche ROULOPA\u00a0\u00bb _builder_version=\u00a0\u00bb4.4.6&Prime;][\/et_pb_image][\/et_pb_column][\/et_pb_row][et_pb_row column_structure=\u00a0\u00bb3_5,2_5&Prime; _builder_version=\u00a0\u00bb4.4.6&Prime;][et_pb_column type=\u00a0\u00bb3_5&Prime; _builder_version=\u00a0\u00bb4.4.6&Prime;][et_pb_text _builder_version=\u00a0\u00bb4.4.6&Prime;]<\/p>\n<h2><\/h2>\n<h2>Troquons!<\/h2>\n<p>Ce format nous permet de pouvoir rendre nos prestations plus accessibles et d&rsquo;impliquer les parents sous un format tout aussi socialement ouvert.<\/p>\n<p>Les \u00e9changes peuvent se faire au niveau alimentaire comme sur de nombreux autres (services, d\u00e9pannages, aide etc).<\/p>\n<p>Le troc permet de faire participer les familles sans barri\u00e8re de revenus, de milieu social. C&rsquo;est aussi un bon moyen de montrer que nous pouvons aussi fonctionner sur d&rsquo;autres bases que celle de l&rsquo;argent.<\/p>\n<p>Dans cette d\u00e9marche, nous vous accompagnons (flyer et communication type aupr\u00e8s des parents, exemples de trocs possibles).<\/p>\n<blockquote>\n<p>C&rsquo;est tr\u00e8s facile \u00e0 mettre en place et \u00e9conomique.<\/p>\n<\/blockquote>\n<p>Nous vous fournissons un flyer explicatif du troc, une liste type de ce dont nous pourrions avoir besoin.<\/p>\n<p>[\/et_pb_text][\/et_pb_column][et_pb_column type=\u00a0\u00bb2_5&Prime; _builder_version=\u00a0\u00bb4.4.6&Prime;][et_pb_image src=\u00a0\u00bbhttps:\/\/roulopa.com\/wp-content\/uploads\/2020\/09\/P9224111.jpg\u00a0\u00bb alt=\u00a0\u00bbexemple de troc\u00a0\u00bb title_text=\u00a0\u00bbexemple de troc\u00a0\u00bb _builder_version=\u00a0\u00bb4.4.6&Prime;][\/et_pb_image][\/et_pb_column][\/et_pb_row][et_pb_row _builder_version=\u00a0\u00bb4.4.6&Prime;][et_pb_column type=\u00a0\u00bb4_4&Prime; _builder_version=\u00a0\u00bb4.4.6&Prime;][et_pb_gallery gallery_ids=\u00a0\u00bb2349,2346,2352,2351,2350,2353,2354,2355,2348,2347,2345&Prime; _builder_version=\u00a0\u00bb4.4.6&Prime;][\/et_pb_gallery][\/et_pb_column][\/et_pb_row][\/et_pb_section][et_pb_section fb_built=\u00a0\u00bb1&Prime; _builder_version=\u00a0\u00bb3.22.3&Prime;][et_pb_row _builder_version=\u00a0\u00bb3.25&Prime;][et_pb_column type=\u00a0\u00bb4_4&Prime; _builder_version=\u00a0\u00bb3.25&Prime; custom_padding=\u00a0\u00bb|||\u00a0\u00bb custom_padding__hover=\u00a0\u00bb|||\u00a0\u00bb][et_pb_text _builder_version=\u00a0\u00bb4.4.6&Prime;]<\/p>\n<h3 style=\"text-align: center;\"><em>Quel programme! je voudrais recevoir le flyer de pr\u00e9sentation et la tarification&#8230;[\/et_pb_text][et_pb_button button_url=\u00a0\u00bbhttps:\/\/roulopa.com\/wp-content\/uploads\/2022\/11\/troc-flyer.pdf\u00a0\u00bb url_new_window=\u00a0\u00bbon\u00a0\u00bb button_text=\u00a0\u00bbFlyer de pr\u00e9sentation\u00a0\u00bb button_alignment=\u00a0\u00bbcenter\u00a0\u00bb _builder_version=\u00a0\u00bb4.9.3&Prime; custom_padding=\u00a0\u00bb||0px|||\u00a0\u00bb hover_enabled=\u00a0\u00bb0&Prime; button_text_size__hover_enabled=\u00a0\u00bboff\u00a0\u00bb button_one_text_size__hover_enabled=\u00a0\u00bboff\u00a0\u00bb button_two_text_size__hover_enabled=\u00a0\u00bboff\u00a0\u00bb button_text_color__hover_enabled=\u00a0\u00bboff\u00a0\u00bb button_one_text_color__hover_enabled=\u00a0\u00bboff\u00a0\u00bb button_two_text_color__hover_enabled=\u00a0\u00bboff\u00a0\u00bb button_border_width__hover_enabled=\u00a0\u00bboff\u00a0\u00bb button_one_border_width__hover_enabled=\u00a0\u00bboff\u00a0\u00bb button_two_border_width__hover_enabled=\u00a0\u00bboff\u00a0\u00bb button_border_color__hover_enabled=\u00a0\u00bboff\u00a0\u00bb button_one_border_color__hover_enabled=\u00a0\u00bboff\u00a0\u00bb button_two_border_color__hover_enabled=\u00a0\u00bboff\u00a0\u00bb button_border_radius__hover_enabled=\u00a0\u00bboff\u00a0\u00bb button_one_border_radius__hover_enabled=\u00a0\u00bboff\u00a0\u00bb button_two_border_radius__hover_enabled=\u00a0\u00bboff\u00a0\u00bb button_letter_spacing__hover_enabled=\u00a0\u00bboff\u00a0\u00bb button_one_letter_spacing__hover_enabled=\u00a0\u00bboff\u00a0\u00bb button_two_letter_spacing__hover_enabled=\u00a0\u00bboff\u00a0\u00bb button_bg_color__hover_enabled=\u00a0\u00bboff\u00a0\u00bb button_one_bg_color__hover_enabled=\u00a0\u00bboff\u00a0\u00bb button_two_bg_color__hover_enabled=\u00a0\u00bboff\u00a0\u00bb sticky_enabled=\u00a0\u00bb0&Prime;][\/et_pb_button][\/et_pb_column][\/et_pb_row][\/et_pb_section]<\/p>\n","protected":false},"excerpt":{"rendered":"<p>[et_pb_section fb_built=\u00a0\u00bb1&Prime; fullwidth=\u00a0\u00bbon\u00a0\u00bb _builder_version=\u00a0\u00bb3.22.3&Prime;][et_pb_fullwidth_image src=\u00a0\u00bbhttps:\/\/roulopa.com\/wp-content\/uploads\/2020\/10\/bannieres_ecoleporteurs-1024&#215;489-1.jpg\u00a0\u00bb alt=\u00a0\u00bbbanni\u00e8re\u00a0\u00bb title_text=\u00a0\u00bbbannieres_ecoleporteurs-1024&#215;489&Prime; _builder_version=\u00a0\u00bb4.4.6&Prime;][\/et_pb_fullwidth_image][\/et_pb_section][et_pb_section fb_built=\u00a0\u00bb1&Prime; admin_label=\u00a0\u00bbsection\u00a0\u00bb _builder_version=\u00a0\u00bb3.22.3&Prime; custom_margin=\u00a0\u00bb||-2px|||\u00a0\u00bb][et_pb_row admin_label=\u00a0\u00bbrow\u00a0\u00bb _builder_version=\u00a0\u00bb3.25&Prime; background_size=\u00a0\u00bbinitial\u00a0\u00bb background_position=\u00a0\u00bbtop_left\u00a0\u00bb background_repeat=\u00a0\u00bbrepeat\u00a0\u00bb][et_pb_column type=\u00a0\u00bb4_4&Prime; _builder_version=\u00a0\u00bb3.25&Prime; custom_padding=\u00a0\u00bb|||\u00a0\u00bb custom_padding__hover=\u00a0\u00bb|||\u00a0\u00bb][et_pb_text _builder_version=\u00a0\u00bb3.27.4&Prime; custom_padding=\u00a0\u00bb38px|||||\u00a0\u00bb] ROULOPA ouvre sont campement pour des accueils de groupe de tous \u00e2ges Lors de nos itin\u00e9rances, nous proposons des animations autour du convoi. Accessible aux plus petits comme aux plus grands (maternelle, [&hellip;]<\/p>\n","protected":false},"author":1,"featured_media":0,"parent":0,"menu_order":0,"comment_status":"closed","ping_status":"closed","template":"","meta":{"_et_pb_use_builder":"on","_et_pb_old_content":"","_et_gb_content_width":"","om_disable_all_campaigns":false,"_monsterinsights_skip_tracking":false,"_monsterinsights_sitenote_active":false,"_monsterinsights_sitenote_note":"","_monsterinsights_sitenote_category":0,"jetpack_post_was_ever_published":false,"footnotes":""},"class_list":["post-2330","page","type-page","status-publish","hentry"],"yoast_head":"<!-- This site is optimized with the Yoast SEO plugin v27.3 - https:\/\/yoast.com\/product\/yoast-seo-wordpress\/ -->\n<title>lecoleporteurs - Roulopa<\/title>\n<meta name=\"robots\" content=\"index, follow, max-snippet:-1, max-image-preview:large, max-video-preview:-1\" \/>\n<link rel=\"canonical\" href=\"https:\/\/roulopa.com\/index.php\/lecoleporteurs\/\" \/>\n<meta property=\"og:locale\" content=\"fr_FR\" \/>\n<meta property=\"og:type\" content=\"article\" \/>\n<meta property=\"og:title\" content=\"lecoleporteurs - Roulopa\" \/>\n<meta property=\"og:description\" content=\"[et_pb_section fb_built=\u00a0\u00bb1&Prime; fullwidth=\u00a0\u00bbon\u00a0\u00bb _builder_version=\u00a0\u00bb3.22.3&Prime;][et_pb_fullwidth_image src=\u00a0\u00bbhttps:\/\/roulopa.com\/wp-content\/uploads\/2020\/10\/bannieres_ecoleporteurs-1024&#215;489-1.jpg\u00a0\u00bb alt=\u00a0\u00bbbanni\u00e8re\u00a0\u00bb title_text=\u00a0\u00bbbannieres_ecoleporteurs-1024&#215;489&Prime; _builder_version=\u00a0\u00bb4.4.6&Prime;][\/et_pb_fullwidth_image][\/et_pb_section][et_pb_section fb_built=\u00a0\u00bb1&Prime; admin_label=\u00a0\u00bbsection\u00a0\u00bb _builder_version=\u00a0\u00bb3.22.3&Prime; custom_margin=\u00a0\u00bb||-2px|||\u00a0\u00bb][et_pb_row admin_label=\u00a0\u00bbrow\u00a0\u00bb _builder_version=\u00a0\u00bb3.25&Prime; background_size=\u00a0\u00bbinitial\u00a0\u00bb background_position=\u00a0\u00bbtop_left\u00a0\u00bb background_repeat=\u00a0\u00bbrepeat\u00a0\u00bb][et_pb_column type=\u00a0\u00bb4_4&Prime; _builder_version=\u00a0\u00bb3.25&Prime; custom_padding=\u00a0\u00bb|||\u00a0\u00bb custom_padding__hover=\u00a0\u00bb|||\u00a0\u00bb][et_pb_text _builder_version=\u00a0\u00bb3.27.4&Prime; custom_padding=\u00a0\u00bb38px|||||\u00a0\u00bb] ROULOPA ouvre sont campement pour des accueils de groupe de tous \u00e2ges Lors de nos itin\u00e9rances, nous proposons des animations autour du convoi. Accessible aux plus petits comme aux plus grands (maternelle, [&hellip;]\" \/>\n<meta property=\"og:url\" content=\"https:\/\/roulopa.com\/index.php\/lecoleporteurs\/\" \/>\n<meta property=\"og:site_name\" content=\"Roulopa\" \/>\n<meta property=\"article:publisher\" content=\"https:\/\/www.facebook.com\/roulopa\/\" \/>\n<meta property=\"article:modified_time\" content=\"2023-02-20T15:39:19+00:00\" \/>\n<meta name=\"twitter:card\" content=\"summary_large_image\" \/>\n<meta name=\"twitter:label1\" content=\"Dur\u00e9e de lecture estim\u00e9e\" \/>\n\t<meta name=\"twitter:data1\" content=\"5 minutes\" \/>\n<script type=\"application\/ld+json\" class=\"yoast-schema-graph\">{\"@context\":\"https:\\\/\\\/schema.org\",\"@graph\":[{\"@type\":\"WebPage\",\"@id\":\"https:\\\/\\\/roulopa.com\\\/index.php\\\/lecoleporteurs\\\/\",\"url\":\"https:\\\/\\\/roulopa.com\\\/index.php\\\/lecoleporteurs\\\/\",\"name\":\"lecoleporteurs - Roulopa\",\"isPartOf\":{\"@id\":\"https:\\\/\\\/roulopa.com\\\/#website\"},\"datePublished\":\"2020-09-29T21:46:35+00:00\",\"dateModified\":\"2023-02-20T15:39:19+00:00\",\"breadcrumb\":{\"@id\":\"https:\\\/\\\/roulopa.com\\\/index.php\\\/lecoleporteurs\\\/#breadcrumb\"},\"inLanguage\":\"fr-FR\",\"potentialAction\":[{\"@type\":\"ReadAction\",\"target\":[\"https:\\\/\\\/roulopa.com\\\/index.php\\\/lecoleporteurs\\\/\"]}]},{\"@type\":\"BreadcrumbList\",\"@id\":\"https:\\\/\\\/roulopa.com\\\/index.php\\\/lecoleporteurs\\\/#breadcrumb\",\"itemListElement\":[{\"@type\":\"ListItem\",\"position\":1,\"name\":\"Accueil\",\"item\":\"https:\\\/\\\/roulopa.com\\\/\"},{\"@type\":\"ListItem\",\"position\":2,\"name\":\"lecoleporteurs\"}]},{\"@type\":\"WebSite\",\"@id\":\"https:\\\/\\\/roulopa.com\\\/#website\",\"url\":\"https:\\\/\\\/roulopa.com\\\/\",\"name\":\"Roulopa\",\"description\":\"exp\u00e9dition en Roulotte \u00e0 cheval : animations, g\u00eete, accueils scolaires, attelage\",\"publisher\":{\"@id\":\"https:\\\/\\\/roulopa.com\\\/#organization\"},\"potentialAction\":[{\"@type\":\"SearchAction\",\"target\":{\"@type\":\"EntryPoint\",\"urlTemplate\":\"https:\\\/\\\/roulopa.com\\\/?s={search_term_string}\"},\"query-input\":{\"@type\":\"PropertyValueSpecification\",\"valueRequired\":true,\"valueName\":\"search_term_string\"}}],\"inLanguage\":\"fr-FR\"},{\"@type\":\"Organization\",\"@id\":\"https:\\\/\\\/roulopa.com\\\/#organization\",\"name\":\"roulopa\",\"url\":\"https:\\\/\\\/roulopa.com\\\/\",\"logo\":{\"@type\":\"ImageObject\",\"inLanguage\":\"fr-FR\",\"@id\":\"https:\\\/\\\/roulopa.com\\\/#\\\/schema\\\/logo\\\/image\\\/\",\"url\":\"https:\\\/\\\/i2.wp.com\\\/roulopa.com\\\/wp-content\\\/uploads\\\/2017\\\/12\\\/roulopa_final.jpg?fit=2048%2C1011&ssl=1\",\"contentUrl\":\"https:\\\/\\\/i2.wp.com\\\/roulopa.com\\\/wp-content\\\/uploads\\\/2017\\\/12\\\/roulopa_final.jpg?fit=2048%2C1011&ssl=1\",\"width\":2048,\"height\":1011,\"caption\":\"roulopa\"},\"image\":{\"@id\":\"https:\\\/\\\/roulopa.com\\\/#\\\/schema\\\/logo\\\/image\\\/\"},\"sameAs\":[\"https:\\\/\\\/www.facebook.com\\\/roulopa\\\/\",\"https:\\\/\\\/www.instagram.com\\\/roulopa\\\/\",\"https:\\\/\\\/www.pinterest.fr\\\/roulopa\\\/\",\"https:\\\/\\\/www.youtube.com\\\/channel\\\/UC5BRVVWv8QY35HjOtAPaROA\\\/featured\"]}]}<\/script>\n<!-- \/ Yoast SEO plugin. -->","yoast_head_json":{"title":"lecoleporteurs - Roulopa","robots":{"index":"index","follow":"follow","max-snippet":"max-snippet:-1","max-image-preview":"max-image-preview:large","max-video-preview":"max-video-preview:-1"},"canonical":"https:\/\/roulopa.com\/index.php\/lecoleporteurs\/","og_locale":"fr_FR","og_type":"article","og_title":"lecoleporteurs - Roulopa","og_description":"[et_pb_section fb_built=\u00a0\u00bb1&Prime; fullwidth=\u00a0\u00bbon\u00a0\u00bb _builder_version=\u00a0\u00bb3.22.3&Prime;][et_pb_fullwidth_image src=\u00a0\u00bbhttps:\/\/roulopa.com\/wp-content\/uploads\/2020\/10\/bannieres_ecoleporteurs-1024&#215;489-1.jpg\u00a0\u00bb alt=\u00a0\u00bbbanni\u00e8re\u00a0\u00bb title_text=\u00a0\u00bbbannieres_ecoleporteurs-1024&#215;489&Prime; _builder_version=\u00a0\u00bb4.4.6&Prime;][\/et_pb_fullwidth_image][\/et_pb_section][et_pb_section fb_built=\u00a0\u00bb1&Prime; admin_label=\u00a0\u00bbsection\u00a0\u00bb _builder_version=\u00a0\u00bb3.22.3&Prime; custom_margin=\u00a0\u00bb||-2px|||\u00a0\u00bb][et_pb_row admin_label=\u00a0\u00bbrow\u00a0\u00bb _builder_version=\u00a0\u00bb3.25&Prime; background_size=\u00a0\u00bbinitial\u00a0\u00bb background_position=\u00a0\u00bbtop_left\u00a0\u00bb background_repeat=\u00a0\u00bbrepeat\u00a0\u00bb][et_pb_column type=\u00a0\u00bb4_4&Prime; _builder_version=\u00a0\u00bb3.25&Prime; custom_padding=\u00a0\u00bb|||\u00a0\u00bb custom_padding__hover=\u00a0\u00bb|||\u00a0\u00bb][et_pb_text _builder_version=\u00a0\u00bb3.27.4&Prime; custom_padding=\u00a0\u00bb38px|||||\u00a0\u00bb] ROULOPA ouvre sont campement pour des accueils de groupe de tous \u00e2ges Lors de nos itin\u00e9rances, nous proposons des animations autour du convoi. Accessible aux plus petits comme aux plus grands (maternelle, [&hellip;]","og_url":"https:\/\/roulopa.com\/index.php\/lecoleporteurs\/","og_site_name":"Roulopa","article_publisher":"https:\/\/www.facebook.com\/roulopa\/","article_modified_time":"2023-02-20T15:39:19+00:00","twitter_card":"summary_large_image","twitter_misc":{"Dur\u00e9e de lecture estim\u00e9e":"5 minutes"},"schema":{"@context":"https:\/\/schema.org","@graph":[{"@type":"WebPage","@id":"https:\/\/roulopa.com\/index.php\/lecoleporteurs\/","url":"https:\/\/roulopa.com\/index.php\/lecoleporteurs\/","name":"lecoleporteurs - Roulopa","isPartOf":{"@id":"https:\/\/roulopa.com\/#website"},"datePublished":"2020-09-29T21:46:35+00:00","dateModified":"2023-02-20T15:39:19+00:00","breadcrumb":{"@id":"https:\/\/roulopa.com\/index.php\/lecoleporteurs\/#breadcrumb"},"inLanguage":"fr-FR","potentialAction":[{"@type":"ReadAction","target":["https:\/\/roulopa.com\/index.php\/lecoleporteurs\/"]}]},{"@type":"BreadcrumbList","@id":"https:\/\/roulopa.com\/index.php\/lecoleporteurs\/#breadcrumb","itemListElement":[{"@type":"ListItem","position":1,"name":"Accueil","item":"https:\/\/roulopa.com\/"},{"@type":"ListItem","position":2,"name":"lecoleporteurs"}]},{"@type":"WebSite","@id":"https:\/\/roulopa.com\/#website","url":"https:\/\/roulopa.com\/","name":"Roulopa","description":"exp\u00e9dition en Roulotte \u00e0 cheval : animations, g\u00eete, accueils scolaires, attelage","publisher":{"@id":"https:\/\/roulopa.com\/#organization"},"potentialAction":[{"@type":"SearchAction","target":{"@type":"EntryPoint","urlTemplate":"https:\/\/roulopa.com\/?s={search_term_string}"},"query-input":{"@type":"PropertyValueSpecification","valueRequired":true,"valueName":"search_term_string"}}],"inLanguage":"fr-FR"},{"@type":"Organization","@id":"https:\/\/roulopa.com\/#organization","name":"roulopa","url":"https:\/\/roulopa.com\/","logo":{"@type":"ImageObject","inLanguage":"fr-FR","@id":"https:\/\/roulopa.com\/#\/schema\/logo\/image\/","url":"https:\/\/i2.wp.com\/roulopa.com\/wp-content\/uploads\/2017\/12\/roulopa_final.jpg?fit=2048%2C1011&ssl=1","contentUrl":"https:\/\/i2.wp.com\/roulopa.com\/wp-content\/uploads\/2017\/12\/roulopa_final.jpg?fit=2048%2C1011&ssl=1","width":2048,"height":1011,"caption":"roulopa"},"image":{"@id":"https:\/\/roulopa.com\/#\/schema\/logo\/image\/"},"sameAs":["https:\/\/www.facebook.com\/roulopa\/","https:\/\/www.instagram.com\/roulopa\/","https:\/\/www.pinterest.fr\/roulopa\/","https:\/\/www.youtube.com\/channel\/UC5BRVVWv8QY35HjOtAPaROA\/featured"]}]}},"jetpack_sharing_enabled":true,"_links":{"self":[{"href":"https:\/\/roulopa.com\/index.php\/wp-json\/wp\/v2\/pages\/2330","targetHints":{"allow":["GET"]}}],"collection":[{"href":"https:\/\/roulopa.com\/index.php\/wp-json\/wp\/v2\/pages"}],"about":[{"href":"https:\/\/roulopa.com\/index.php\/wp-json\/wp\/v2\/types\/page"}],"author":[{"embeddable":true,"href":"https:\/\/roulopa.com\/index.php\/wp-json\/wp\/v2\/users\/1"}],"replies":[{"embeddable":true,"href":"https:\/\/roulopa.com\/index.php\/wp-json\/wp\/v2\/comments?post=2330"}],"version-history":[{"count":11,"href":"https:\/\/roulopa.com\/index.php\/wp-json\/wp\/v2\/pages\/2330\/revisions"}],"predecessor-version":[{"id":3210,"href":"https:\/\/roulopa.com\/index.php\/wp-json\/wp\/v2\/pages\/2330\/revisions\/3210"}],"wp:attachment":[{"href":"https:\/\/roulopa.com\/index.php\/wp-json\/wp\/v2\/media?parent=2330"}],"curies":[{"name":"wp","href":"https:\/\/api.w.org\/{rel}","templated":true}]}}