{"id":3119,"date":"2024-01-31T19:46:43","date_gmt":"2024-01-31T18:46:43","guid":{"rendered":"https:\/\/roulopa.com\/?page_id=3119"},"modified":"2026-03-04T19:08:02","modified_gmt":"2026-03-04T18:08:02","slug":"accueil-de-groupes","status":"publish","type":"page","link":"https:\/\/roulopa.com\/index.php\/accueil-de-groupes\/","title":{"rendered":"accueil de groupes"},"content":{"rendered":"<p>[et_pb_section fb_built=\u00a0\u00bb1&Prime; fullwidth=\u00a0\u00bbon\u00a0\u00bb _builder_version=\u00a0\u00bb3.22.3&Prime;][et_pb_fullwidth_image src=\u00a0\u00bbhttps:\/\/roulopa.com\/wp-content\/uploads\/2024\/01\/bannieres_accueilgroupes-1024&#215;489-1.png\u00a0\u00bb alt=\u00a0\u00bbbanni\u00e8re accueil de groupes\u00a0\u00bb title_text=\u00a0\u00bbbannieres_accueilgroupes-1024&#215;489&Prime; _builder_version=\u00a0\u00bb4.9.3&Prime;][\/et_pb_fullwidth_image][\/et_pb_section][et_pb_section fb_built=\u00a0\u00bb1&Prime; admin_label=\u00a0\u00bbsection\u00a0\u00bb _builder_version=\u00a0\u00bb3.22.3&Prime; custom_margin=\u00a0\u00bb||-2px|||\u00a0\u00bb][et_pb_row admin_label=\u00a0\u00bbrow\u00a0\u00bb _builder_version=\u00a0\u00bb3.25&Prime; background_size=\u00a0\u00bbinitial\u00a0\u00bb background_position=\u00a0\u00bbtop_left\u00a0\u00bb background_repeat=\u00a0\u00bbrepeat\u00a0\u00bb][et_pb_column type=\u00a0\u00bb4_4&Prime; _builder_version=\u00a0\u00bb3.25&Prime; custom_padding=\u00a0\u00bb|||\u00a0\u00bb custom_padding__hover=\u00a0\u00bb|||\u00a0\u00bb][et_pb_text _builder_version=\u00a0\u00bb3.27.4&Prime; custom_padding=\u00a0\u00bb38px|||||\u00a0\u00bb]<\/p>\n<h2>ROULOPA ouvre sont lieu pour des accueils de groupe de <strong>tous \u00e2ges<\/strong><span style=\"font-weight: 400;\"><\/span><\/h2>\n<p><span style=\"font-weight: 400;\"><\/span><\/p>\n<p><span style=\"font-weight: 400;\">Visite de la ferme, histoire du cheval, soin des chevaux, explications des \u00e9quipements de la sellerie et du mat\u00e9riel agricole \u00e0 traction animale. D\u00e9monstration avec un cheval et son outil, balade en cal\u00e8che, tout est possible!<\/span><span style=\"font-weight: 400;\"><br \/><\/span><\/p>\n<p><span style=\"font-weight: 400;\">Accessible aux plus petits comme aux plus grands (maternelle, \u00e9l\u00e9mentaire, coll\u00e8ge ou lyc\u00e9e).<\/span><span style=\"font-weight: 400;\"><\/span><span style=\"font-weight: 400;\"><\/span><\/p>\n<h2>Au programme<\/h2>\n<p>(visite adapt\u00e9 au cycles d&rsquo;apprentissage) du cycle 1 au lyc\u00e9e professionnel<strong><br \/><\/strong><\/p>\n<ul>\n<li>Visite de la ferme.<\/li>\n<li>Histoire du cheval de trait Breton.<\/li>\n<li>D\u00e9monstration et explications du mat\u00e9riel utilis\u00e9.<\/li>\n<li>Promotion et valorisation de la traction animale.<\/li>\n<li>Temps d&rsquo;\u00e9changes avec le public sur chaque stand.<\/li>\n<\/ul>\n<p><span style=\"font-weight: 400;\"><\/span><\/p>\n<p>[\/et_pb_text][\/et_pb_column][\/et_pb_row][et_pb_row column_structure=\u00a0\u00bb1_2,1_2&Prime; _builder_version=\u00a0\u00bb4.9.3&Prime; _module_preset=\u00a0\u00bbdefault\u00a0\u00bb][et_pb_column type=\u00a0\u00bb1_2&Prime; _builder_version=\u00a0\u00bb4.9.3&Prime; _module_preset=\u00a0\u00bbdefault\u00a0\u00bb][et_pb_image src=\u00a0\u00bbhttps:\/\/roulopa.com\/wp-content\/uploads\/2026\/03\/Accueil-pedagogique-social-et-de-loisir.png\u00a0\u00bb title_text=\u00a0\u00bbAccueil p\u00e9dagogique, social et de loisir\u00a0\u00bb url=\u00a0\u00bbhttps:\/\/roulopa.com\/wp-content\/uploads\/2026\/03\/accueil-peda-A5-148-x-210-mm.pdf\u00a0\u00bb _builder_version=\u00a0\u00bb4.9.3&Prime; _module_preset=\u00a0\u00bbdefault\u00a0\u00bb][\/et_pb_image][\/et_pb_column][et_pb_column type=\u00a0\u00bb1_2&Prime; _builder_version=\u00a0\u00bb4.9.3&Prime; _module_preset=\u00a0\u00bbdefault\u00a0\u00bb][et_pb_image src=\u00a0\u00bbhttps:\/\/roulopa.com\/wp-content\/uploads\/2026\/03\/details.png\u00a0\u00bb title_text=\u00a0\u00bbd\u00e9tails\u00a0\u00bb url=\u00a0\u00bbhttps:\/\/roulopa.com\/wp-content\/uploads\/2026\/03\/accueil-peda-A5-148-x-210-mm.pdf\u00a0\u00bb _builder_version=\u00a0\u00bb4.9.3&Prime; _module_preset=\u00a0\u00bbdefault\u00a0\u00bb][\/et_pb_image][\/et_pb_column][\/et_pb_row][et_pb_row _builder_version=\u00a0\u00bb3.25&Prime;][et_pb_column type=\u00a0\u00bb4_4&Prime; _builder_version=\u00a0\u00bb3.25&Prime; custom_padding=\u00a0\u00bb|||\u00a0\u00bb custom_padding__hover=\u00a0\u00bb|||\u00a0\u00bb][et_pb_text _builder_version=\u00a0\u00bb4.4.6&Prime; custom_padding=\u00a0\u00bb1px||28px|||\u00a0\u00bb]<\/p>\n<h2>Transmission et sensibilisation<\/h2>\n<p>[\/et_pb_text][\/et_pb_column][\/et_pb_row][et_pb_row column_structure=\u00a0\u00bb1_3,1_3,1_3&Prime; _builder_version=\u00a0\u00bb3.25&Prime;][et_pb_column type=\u00a0\u00bb1_3&Prime; _builder_version=\u00a0\u00bb3.25&Prime; custom_padding=\u00a0\u00bb|||\u00a0\u00bb custom_padding__hover=\u00a0\u00bb|||\u00a0\u00bb][et_pb_image src=\u00a0\u00bbhttps:\/\/roulopa.com\/wp-content\/uploads\/2019\/06\/pictoEnf.png\u00a0\u00bb align=\u00a0\u00bbcenter\u00a0\u00bb align_tablet=\u00a0\u00bbcenter\u00a0\u00bb align_phone=\u00a0\u00bb\u00a0\u00bb align_last_edited=\u00a0\u00bbon|desktop\u00a0\u00bb _builder_version=\u00a0\u00bb3.23&Prime; max_width=\u00a0\u00bb60%\u00a0\u00bb][\/et_pb_image][et_pb_text _builder_version=\u00a0\u00bb4.9.3&Prime; link_option_url=\u00a0\u00bbhttps:\/\/roulopa.com\/wp-content\/uploads\/2026\/03\/accueil-peda-A5-148-x-210-mm.pdf\u00a0\u00bb hover_enabled=\u00a0\u00bb0&Prime; sticky_enabled=\u00a0\u00bb0&Prime;]<\/p>\n<p style=\"text-align: center;\"><strong>Accueil de groupes<br \/><\/strong><\/p>\n<p>[\/et_pb_text][\/et_pb_column][et_pb_column type=\u00a0\u00bb1_3&Prime; _builder_version=\u00a0\u00bb3.25&Prime; custom_padding=\u00a0\u00bb|||\u00a0\u00bb custom_padding__hover=\u00a0\u00bb|||\u00a0\u00bb][et_pb_image src=\u00a0\u00bbhttps:\/\/roulopa.com\/wp-content\/uploads\/2024\/01\/2023-07-05_172254.jpg\u00a0\u00bb alt=\u00a0\u00bbdessin\u00a0\u00bb title_text=\u00a0\u00bbVictor aux longues r\u00eanes\u00a0\u00bb _builder_version=\u00a0\u00bb4.9.3&Prime;][\/et_pb_image][et_pb_text _builder_version=\u00a0\u00bb4.4.6&Prime;]<\/p>\n<p>&nbsp;<\/p>\n<blockquote>\n<p>Un programme adapt\u00e9 \u00e0 chaque \u00e2ge<\/p>\n<\/blockquote>\n<p>Cycle 1 (maternelle) : Groupe de 15\/20, avec conte en musique .<br \/>Cycle 2 \u00e0 4 (\u00e9l\u00e9mentaire et coll\u00e8ge) : Groupe par classe<\/p>\n<p>Cycle Lyc\u00e9e g\u00e9n\u00e9ral et Lyc\u00e9e pro : Classe enti\u00e8re<\/p>\n<p>[\/et_pb_text][\/et_pb_column][et_pb_column type=\u00a0\u00bb1_3&Prime; _builder_version=\u00a0\u00bb3.25&Prime; custom_padding=\u00a0\u00bb|||\u00a0\u00bb custom_padding__hover=\u00a0\u00bb|||\u00a0\u00bb][et_pb_text _builder_version=\u00a0\u00bb4.4.6&Prime;]<\/p>\n<p>Le cheval, outil et ami, porteur du changement et d&rsquo;une solution \u00e9cologique.<\/p>\n<p>[\/et_pb_text][et_pb_text _builder_version=\u00a0\u00bb4.9.3&Prime; _module_preset=\u00a0\u00bbdefault\u00a0\u00bb]A partir de 8 euros[\/et_pb_text][et_pb_image src=\u00a0\u00bbhttps:\/\/roulopa.com\/wp-content\/uploads\/2024\/01\/2023-07-20_132808.jpg\u00a0\u00bb alt=\u00a0\u00bbles enfants assistent \u00e0 la pr\u00e9paration des chevaux\u00a0\u00bb title_text=\u00a0\u00bbVictor et Zorba ont des admirateurs!\u00a0\u00bb _builder_version=\u00a0\u00bb4.9.3&Prime;][\/et_pb_image][\/et_pb_column][\/et_pb_row][et_pb_row _builder_version=\u00a0\u00bb4.4.6&Prime;][et_pb_column type=\u00a0\u00bb4_4&Prime; _builder_version=\u00a0\u00bb4.4.6&Prime;][et_pb_gallery gallery_ids=\u00a0\u00bb2349,2346,2352,2351,2350,2353,2354,2355,2348,2347,2345&Prime; _builder_version=\u00a0\u00bb4.4.6&Prime;][\/et_pb_gallery][\/et_pb_column][\/et_pb_row][\/et_pb_section][et_pb_section fb_built=\u00a0\u00bb1&Prime; _builder_version=\u00a0\u00bb3.22.3&Prime;][et_pb_row _builder_version=\u00a0\u00bb3.25&Prime;][et_pb_column type=\u00a0\u00bb4_4&Prime; _builder_version=\u00a0\u00bb3.25&Prime; custom_padding=\u00a0\u00bb|||\u00a0\u00bb custom_padding__hover=\u00a0\u00bb|||\u00a0\u00bb][et_pb_text _builder_version=\u00a0\u00bb4.4.6&Prime;]<\/p>\n<h3 style=\"text-align: center;\"><em>Quel programme! je voudrais recevoir le flyer de pr\u00e9sentation et la tarification&#8230;[\/et_pb_text][et_pb_button button_url=\u00a0\u00bbhttps:\/\/roulopa.com\/wp-content\/uploads\/2026\/03\/accueil-peda-A5-148-x-210-mm.pdf\u00a0\u00bb url_new_window=\u00a0\u00bbon\u00a0\u00bb button_text=\u00a0\u00bbFlyer de pr\u00e9sentation\u00a0\u00bb button_alignment=\u00a0\u00bbcenter\u00a0\u00bb _builder_version=\u00a0\u00bb4.9.3&Prime; custom_padding=\u00a0\u00bb||0px|||\u00a0\u00bb button_text_size__hover_enabled=\u00a0\u00bboff\u00a0\u00bb button_one_text_size__hover_enabled=\u00a0\u00bboff\u00a0\u00bb button_two_text_size__hover_enabled=\u00a0\u00bboff\u00a0\u00bb button_text_color__hover_enabled=\u00a0\u00bboff\u00a0\u00bb button_one_text_color__hover_enabled=\u00a0\u00bboff\u00a0\u00bb button_two_text_color__hover_enabled=\u00a0\u00bboff\u00a0\u00bb button_border_width__hover_enabled=\u00a0\u00bboff\u00a0\u00bb button_one_border_width__hover_enabled=\u00a0\u00bboff\u00a0\u00bb button_two_border_width__hover_enabled=\u00a0\u00bboff\u00a0\u00bb button_border_color__hover_enabled=\u00a0\u00bboff\u00a0\u00bb button_one_border_color__hover_enabled=\u00a0\u00bboff\u00a0\u00bb button_two_border_color__hover_enabled=\u00a0\u00bboff\u00a0\u00bb button_border_radius__hover_enabled=\u00a0\u00bboff\u00a0\u00bb button_one_border_radius__hover_enabled=\u00a0\u00bboff\u00a0\u00bb button_two_border_radius__hover_enabled=\u00a0\u00bboff\u00a0\u00bb button_letter_spacing__hover_enabled=\u00a0\u00bboff\u00a0\u00bb button_one_letter_spacing__hover_enabled=\u00a0\u00bboff\u00a0\u00bb button_two_letter_spacing__hover_enabled=\u00a0\u00bboff\u00a0\u00bb button_bg_color__hover_enabled=\u00a0\u00bboff\u00a0\u00bb button_one_bg_color__hover_enabled=\u00a0\u00bboff\u00a0\u00bb button_two_bg_color__hover_enabled=\u00a0\u00bboff\u00a0\u00bb][\/et_pb_button][\/et_pb_column][\/et_pb_row][\/et_pb_section]<\/p>\n","protected":false},"excerpt":{"rendered":"<p>ROULOPA ouvre sont lieu pour des accueils de groupe de tous \u00e2ges<\/p>\n<p>Visite du campement de la roulotte, exposition \u00ab\u00a0au temps des gitans\u00a0\u00bb, soin des chevaux, explications des \u00e9quipements de la sellerie et du mat\u00e9riel agricole \u00e0 traction animale. D\u00e9monstration avec un cheval et son outil, balade en cal\u00e8che, tout est possible!<\/p>\n","protected":false},"author":1,"featured_media":3629,"parent":0,"menu_order":0,"comment_status":"closed","ping_status":"closed","template":"","meta":{"_et_pb_use_builder":"on","_et_pb_old_content":"","_et_gb_content_width":"","om_disable_all_campaigns":false,"_monsterinsights_skip_tracking":false,"_monsterinsights_sitenote_active":false,"_monsterinsights_sitenote_note":"","_monsterinsights_sitenote_category":0,"jetpack_post_was_ever_published":false,"footnotes":""},"class_list":["post-3119","page","type-page","status-publish","has-post-thumbnail","hentry"],"yoast_head":"<!-- This site is optimized with the Yoast SEO plugin v27.3 - https:\/\/yoast.com\/product\/yoast-seo-wordpress\/ -->\n<title>accueil de groupes - Roulopa<\/title>\n<meta name=\"robots\" content=\"index, follow, max-snippet:-1, max-image-preview:large, max-video-preview:-1\" \/>\n<link rel=\"canonical\" href=\"https:\/\/roulopa.com\/index.php\/accueil-de-groupes\/\" \/>\n<meta property=\"og:locale\" content=\"fr_FR\" \/>\n<meta property=\"og:type\" content=\"article\" \/>\n<meta property=\"og:title\" content=\"accueil de groupes - Roulopa\" \/>\n<meta property=\"og:description\" content=\"ROULOPA ouvre sont lieu pour des accueils de groupe de tous \u00e2ges Visite du campement de la roulotte, exposition &quot;au temps des gitans&quot;, soin des chevaux, explications des \u00e9quipements de la sellerie et du mat\u00e9riel agricole \u00e0 traction animale. D\u00e9monstration avec un cheval et son outil, balade en cal\u00e8che, tout est possible!\" \/>\n<meta property=\"og:url\" content=\"https:\/\/roulopa.com\/index.php\/accueil-de-groupes\/\" \/>\n<meta property=\"og:site_name\" content=\"Roulopa\" \/>\n<meta property=\"article:publisher\" content=\"https:\/\/www.facebook.com\/roulopa\/\" \/>\n<meta property=\"article:modified_time\" content=\"2026-03-04T18:08:02+00:00\" \/>\n<meta property=\"og:image\" content=\"https:\/\/roulopa.com\/wp-content\/uploads\/2024\/01\/2023-07-20_132808.jpg\" \/>\n\t<meta property=\"og:image:width\" content=\"800\" \/>\n\t<meta property=\"og:image:height\" content=\"600\" \/>\n\t<meta property=\"og:image:type\" content=\"image\/jpeg\" \/>\n<meta name=\"twitter:card\" content=\"summary_large_image\" \/>\n<meta name=\"twitter:label1\" content=\"Dur\u00e9e de lecture estim\u00e9e\" \/>\n\t<meta name=\"twitter:data1\" content=\"4 minutes\" \/>\n<script type=\"application\/ld+json\" class=\"yoast-schema-graph\">{\"@context\":\"https:\\\/\\\/schema.org\",\"@graph\":[{\"@type\":\"WebPage\",\"@id\":\"https:\\\/\\\/roulopa.com\\\/index.php\\\/accueil-de-groupes\\\/\",\"url\":\"https:\\\/\\\/roulopa.com\\\/index.php\\\/accueil-de-groupes\\\/\",\"name\":\"accueil de groupes - Roulopa\",\"isPartOf\":{\"@id\":\"https:\\\/\\\/roulopa.com\\\/#website\"},\"primaryImageOfPage\":{\"@id\":\"https:\\\/\\\/roulopa.com\\\/index.php\\\/accueil-de-groupes\\\/#primaryimage\"},\"image\":{\"@id\":\"https:\\\/\\\/roulopa.com\\\/index.php\\\/accueil-de-groupes\\\/#primaryimage\"},\"thumbnailUrl\":\"https:\\\/\\\/i0.wp.com\\\/roulopa.com\\\/wp-content\\\/uploads\\\/2024\\\/01\\\/2023-07-20_132808.jpg?fit=800%2C600&ssl=1\",\"datePublished\":\"2024-01-31T18:46:43+00:00\",\"dateModified\":\"2026-03-04T18:08:02+00:00\",\"breadcrumb\":{\"@id\":\"https:\\\/\\\/roulopa.com\\\/index.php\\\/accueil-de-groupes\\\/#breadcrumb\"},\"inLanguage\":\"fr-FR\",\"potentialAction\":[{\"@type\":\"ReadAction\",\"target\":[\"https:\\\/\\\/roulopa.com\\\/index.php\\\/accueil-de-groupes\\\/\"]}]},{\"@type\":\"ImageObject\",\"inLanguage\":\"fr-FR\",\"@id\":\"https:\\\/\\\/roulopa.com\\\/index.php\\\/accueil-de-groupes\\\/#primaryimage\",\"url\":\"https:\\\/\\\/i0.wp.com\\\/roulopa.com\\\/wp-content\\\/uploads\\\/2024\\\/01\\\/2023-07-20_132808.jpg?fit=800%2C600&ssl=1\",\"contentUrl\":\"https:\\\/\\\/i0.wp.com\\\/roulopa.com\\\/wp-content\\\/uploads\\\/2024\\\/01\\\/2023-07-20_132808.jpg?fit=800%2C600&ssl=1\",\"width\":800,\"height\":600,\"caption\":\"les enfants assistent \u00e0 la pr\u00e9paration des chevaux\"},{\"@type\":\"BreadcrumbList\",\"@id\":\"https:\\\/\\\/roulopa.com\\\/index.php\\\/accueil-de-groupes\\\/#breadcrumb\",\"itemListElement\":[{\"@type\":\"ListItem\",\"position\":1,\"name\":\"Accueil\",\"item\":\"https:\\\/\\\/roulopa.com\\\/\"},{\"@type\":\"ListItem\",\"position\":2,\"name\":\"accueil de groupes\"}]},{\"@type\":\"WebSite\",\"@id\":\"https:\\\/\\\/roulopa.com\\\/#website\",\"url\":\"https:\\\/\\\/roulopa.com\\\/\",\"name\":\"Roulopa\",\"description\":\"exp\u00e9dition en Roulotte \u00e0 cheval : animations, g\u00eete, accueils scolaires, attelage\",\"publisher\":{\"@id\":\"https:\\\/\\\/roulopa.com\\\/#organization\"},\"potentialAction\":[{\"@type\":\"SearchAction\",\"target\":{\"@type\":\"EntryPoint\",\"urlTemplate\":\"https:\\\/\\\/roulopa.com\\\/?s={search_term_string}\"},\"query-input\":{\"@type\":\"PropertyValueSpecification\",\"valueRequired\":true,\"valueName\":\"search_term_string\"}}],\"inLanguage\":\"fr-FR\"},{\"@type\":\"Organization\",\"@id\":\"https:\\\/\\\/roulopa.com\\\/#organization\",\"name\":\"roulopa\",\"url\":\"https:\\\/\\\/roulopa.com\\\/\",\"logo\":{\"@type\":\"ImageObject\",\"inLanguage\":\"fr-FR\",\"@id\":\"https:\\\/\\\/roulopa.com\\\/#\\\/schema\\\/logo\\\/image\\\/\",\"url\":\"https:\\\/\\\/i2.wp.com\\\/roulopa.com\\\/wp-content\\\/uploads\\\/2017\\\/12\\\/roulopa_final.jpg?fit=2048%2C1011&ssl=1\",\"contentUrl\":\"https:\\\/\\\/i2.wp.com\\\/roulopa.com\\\/wp-content\\\/uploads\\\/2017\\\/12\\\/roulopa_final.jpg?fit=2048%2C1011&ssl=1\",\"width\":2048,\"height\":1011,\"caption\":\"roulopa\"},\"image\":{\"@id\":\"https:\\\/\\\/roulopa.com\\\/#\\\/schema\\\/logo\\\/image\\\/\"},\"sameAs\":[\"https:\\\/\\\/www.facebook.com\\\/roulopa\\\/\",\"https:\\\/\\\/www.instagram.com\\\/roulopa\\\/\",\"https:\\\/\\\/www.pinterest.fr\\\/roulopa\\\/\",\"https:\\\/\\\/www.youtube.com\\\/channel\\\/UC5BRVVWv8QY35HjOtAPaROA\\\/featured\"]}]}<\/script>\n<!-- \/ Yoast SEO plugin. -->","yoast_head_json":{"title":"accueil de groupes - Roulopa","robots":{"index":"index","follow":"follow","max-snippet":"max-snippet:-1","max-image-preview":"max-image-preview:large","max-video-preview":"max-video-preview:-1"},"canonical":"https:\/\/roulopa.com\/index.php\/accueil-de-groupes\/","og_locale":"fr_FR","og_type":"article","og_title":"accueil de groupes - Roulopa","og_description":"ROULOPA ouvre sont lieu pour des accueils de groupe de tous \u00e2ges Visite du campement de la roulotte, exposition \"au temps des gitans\", soin des chevaux, explications des \u00e9quipements de la sellerie et du mat\u00e9riel agricole \u00e0 traction animale. D\u00e9monstration avec un cheval et son outil, balade en cal\u00e8che, tout est possible!","og_url":"https:\/\/roulopa.com\/index.php\/accueil-de-groupes\/","og_site_name":"Roulopa","article_publisher":"https:\/\/www.facebook.com\/roulopa\/","article_modified_time":"2026-03-04T18:08:02+00:00","og_image":[{"width":800,"height":600,"url":"https:\/\/roulopa.com\/wp-content\/uploads\/2024\/01\/2023-07-20_132808.jpg","type":"image\/jpeg"}],"twitter_card":"summary_large_image","twitter_misc":{"Dur\u00e9e de lecture estim\u00e9e":"4 minutes"},"schema":{"@context":"https:\/\/schema.org","@graph":[{"@type":"WebPage","@id":"https:\/\/roulopa.com\/index.php\/accueil-de-groupes\/","url":"https:\/\/roulopa.com\/index.php\/accueil-de-groupes\/","name":"accueil de groupes - Roulopa","isPartOf":{"@id":"https:\/\/roulopa.com\/#website"},"primaryImageOfPage":{"@id":"https:\/\/roulopa.com\/index.php\/accueil-de-groupes\/#primaryimage"},"image":{"@id":"https:\/\/roulopa.com\/index.php\/accueil-de-groupes\/#primaryimage"},"thumbnailUrl":"https:\/\/i0.wp.com\/roulopa.com\/wp-content\/uploads\/2024\/01\/2023-07-20_132808.jpg?fit=800%2C600&ssl=1","datePublished":"2024-01-31T18:46:43+00:00","dateModified":"2026-03-04T18:08:02+00:00","breadcrumb":{"@id":"https:\/\/roulopa.com\/index.php\/accueil-de-groupes\/#breadcrumb"},"inLanguage":"fr-FR","potentialAction":[{"@type":"ReadAction","target":["https:\/\/roulopa.com\/index.php\/accueil-de-groupes\/"]}]},{"@type":"ImageObject","inLanguage":"fr-FR","@id":"https:\/\/roulopa.com\/index.php\/accueil-de-groupes\/#primaryimage","url":"https:\/\/i0.wp.com\/roulopa.com\/wp-content\/uploads\/2024\/01\/2023-07-20_132808.jpg?fit=800%2C600&ssl=1","contentUrl":"https:\/\/i0.wp.com\/roulopa.com\/wp-content\/uploads\/2024\/01\/2023-07-20_132808.jpg?fit=800%2C600&ssl=1","width":800,"height":600,"caption":"les enfants assistent \u00e0 la pr\u00e9paration des chevaux"},{"@type":"BreadcrumbList","@id":"https:\/\/roulopa.com\/index.php\/accueil-de-groupes\/#breadcrumb","itemListElement":[{"@type":"ListItem","position":1,"name":"Accueil","item":"https:\/\/roulopa.com\/"},{"@type":"ListItem","position":2,"name":"accueil de groupes"}]},{"@type":"WebSite","@id":"https:\/\/roulopa.com\/#website","url":"https:\/\/roulopa.com\/","name":"Roulopa","description":"exp\u00e9dition en Roulotte \u00e0 cheval : animations, g\u00eete, accueils scolaires, attelage","publisher":{"@id":"https:\/\/roulopa.com\/#organization"},"potentialAction":[{"@type":"SearchAction","target":{"@type":"EntryPoint","urlTemplate":"https:\/\/roulopa.com\/?s={search_term_string}"},"query-input":{"@type":"PropertyValueSpecification","valueRequired":true,"valueName":"search_term_string"}}],"inLanguage":"fr-FR"},{"@type":"Organization","@id":"https:\/\/roulopa.com\/#organization","name":"roulopa","url":"https:\/\/roulopa.com\/","logo":{"@type":"ImageObject","inLanguage":"fr-FR","@id":"https:\/\/roulopa.com\/#\/schema\/logo\/image\/","url":"https:\/\/i2.wp.com\/roulopa.com\/wp-content\/uploads\/2017\/12\/roulopa_final.jpg?fit=2048%2C1011&ssl=1","contentUrl":"https:\/\/i2.wp.com\/roulopa.com\/wp-content\/uploads\/2017\/12\/roulopa_final.jpg?fit=2048%2C1011&ssl=1","width":2048,"height":1011,"caption":"roulopa"},"image":{"@id":"https:\/\/roulopa.com\/#\/schema\/logo\/image\/"},"sameAs":["https:\/\/www.facebook.com\/roulopa\/","https:\/\/www.instagram.com\/roulopa\/","https:\/\/www.pinterest.fr\/roulopa\/","https:\/\/www.youtube.com\/channel\/UC5BRVVWv8QY35HjOtAPaROA\/featured"]}]}},"jetpack_sharing_enabled":true,"_links":{"self":[{"href":"https:\/\/roulopa.com\/index.php\/wp-json\/wp\/v2\/pages\/3119","targetHints":{"allow":["GET"]}}],"collection":[{"href":"https:\/\/roulopa.com\/index.php\/wp-json\/wp\/v2\/pages"}],"about":[{"href":"https:\/\/roulopa.com\/index.php\/wp-json\/wp\/v2\/types\/page"}],"author":[{"embeddable":true,"href":"https:\/\/roulopa.com\/index.php\/wp-json\/wp\/v2\/users\/1"}],"replies":[{"embeddable":true,"href":"https:\/\/roulopa.com\/index.php\/wp-json\/wp\/v2\/comments?post=3119"}],"version-history":[{"count":9,"href":"https:\/\/roulopa.com\/index.php\/wp-json\/wp\/v2\/pages\/3119\/revisions"}],"predecessor-version":[{"id":4136,"href":"https:\/\/roulopa.com\/index.php\/wp-json\/wp\/v2\/pages\/3119\/revisions\/4136"}],"wp:featuredmedia":[{"embeddable":true,"href":"https:\/\/roulopa.com\/index.php\/wp-json\/wp\/v2\/media\/3629"}],"wp:attachment":[{"href":"https:\/\/roulopa.com\/index.php\/wp-json\/wp\/v2\/media?parent=3119"}],"curies":[{"name":"wp","href":"https:\/\/api.w.org\/{rel}","templated":true}]}}