{"id":3280,"date":"2023-09-09T16:48:27","date_gmt":"2023-09-09T14:48:27","guid":{"rendered":"https:\/\/roulopa.com\/?page_id=3280"},"modified":"2025-05-07T16:00:00","modified_gmt":"2025-05-07T14:00:00","slug":"planwagen","status":"publish","type":"page","link":"https:\/\/roulopa.com\/index.php\/de\/planwagen\/","title":{"rendered":"Der Planwagen \u00ab\u00a0Hippocamp&rsquo;bus\u00a0\u00bb &#8211; old"},"content":{"rendered":"<p>[et_pb_section fb_built=\u00a0\u00bb1&Prime; admin_label=\u00a0\u00bbsection\u00a0\u00bb _builder_version=\u00a0\u00bb3.22&Prime;][et_pb_row _builder_version=\u00a0\u00bb3.25&Prime; custom_padding=\u00a0\u00bb0px|0px|30px|0px\u00a0\u00bb][et_pb_column type=\u00a0\u00bb4_4&Prime; _builder_version=\u00a0\u00bb3.25&Prime; custom_padding=\u00a0\u00bb|||\u00a0\u00bb custom_padding__hover=\u00a0\u00bb|||\u00a0\u00bb][et_pb_image src=\u00a0\u00bbhttps:\/\/roulopa.com\/wp-content\/uploads\/2023\/09\/bannieres_gite-1024x489_DE-2.jpg\u00a0\u00bb title_text=\u00a0\u00bbbannieres_gite-1024x489_DE\u00a0\u00bb _builder_version=\u00a0\u00bb4.9.3&Prime; _module_preset=\u00a0\u00bbdefault\u00a0\u00bb][\/et_pb_image][et_pb_text _builder_version=\u00a0\u00bb4.9.3&Prime;]<\/p>\n<h2 style=\"text-align: center;\"><strong> Der Planwagen \u00ab\u00a0Hippocamp&rsquo;bus\u00a0\u00bb ist ein unvergessliches Erlebnis!<\/strong><\/h2>\n<h2 style=\"text-align: center;\"><\/h2>\n<p>[\/et_pb_text][\/et_pb_column][\/et_pb_row][et_pb_row column_structure=\u00a0\u00bb2_3,1_3&Prime; _builder_version=\u00a0\u00bb3.25&Prime; custom_padding=\u00a0\u00bb0px|0px|27px|0px\u00a0\u00bb][et_pb_column type=\u00a0\u00bb2_3&Prime; _builder_version=\u00a0\u00bb3.25&Prime; custom_padding=\u00a0\u00bb|||\u00a0\u00bb custom_padding__hover=\u00a0\u00bb|||\u00a0\u00bb][et_pb_text _builder_version=\u00a0\u00bb4.9.3&Prime;]<\/p>\n<p><span style=\"font-weight: 400;\">Die Unterkunft wird von der Vereinigung Roulopa verwaltet und kann w\u00e4hrend der Sommermonate (Juni bis September) gemietet werden.<\/span><\/p>\n<p><span style=\"font-weight: 400;\">Wir reisen in der Nebensaison und bleiben im Sommer in derselben Gegend. Urlauber sind eingeladen, das Leben der Boh\u00e8me zu erleben, nach vergessener Freiheit zu suchen und in Kontakt mit Mutter Natur zu treten!<\/span><span style=\"font-weight: 400;\"><br \/><\/span><\/p>\n<p><span style=\"font-weight: 400;\">Der Standort des Camps variiert von Jahr zu Jahr.<\/span><\/p>\n<blockquote>\n<p><span style=\"font-weight: 400;\">F\u00fcr 2024 wird das Camp in den C\u00f4tes d&rsquo;Armor, Britannien .<br \/><\/span>.<\/p>\n<p>35 km vom Meer entfernt, 15 Minuten von Guingamp, wird der Planwagen auf einer 6 Hektar gro\u00dfen Wiese stehen.<\/p>\n<\/blockquote>\n<div class=\"o9v6fnle cxmmr5t8 oygrvhab hcukyx3x c1et5uql ii04i59q\">\n<div dir=\"auto\" style=\"text-align: start;\">F\u00fcr 2 Erwachsene und 2 Kinder bietet unser Wohnwagen allen Komfort f\u00fcr ein einzigartiges Erlebnis!<\/div>\n<\/div>\n<div class=\"o9v6fnle cxmmr5t8 oygrvhab hcukyx3x c1et5uql ii04i59q\">\n<div dir=\"auto\" style=\"text-align: start;\">Vor Ort sind folgende Aktivit\u00e4ten m\u00f6glich: Open-Air-Kinoabende unter den Sternen, Lagerfeuer, Wandern, Strand, Kutschfahrten&#8230;<\/div>\n<\/div>\n<div class=\"o9v6fnle cxmmr5t8 oygrvhab hcukyx3x c1et5uql ii04i59q\">\n<div dir=\"auto\" style=\"text-align: start;\">Ihre Unterkunft im Planwagen liegt in einer ruhigen Gegend, in Begleitung der beiden Percheron-Pferde, Victor und Zorba.<\/div>\n<\/div>\n<div class=\"o9v6fnle cxmmr5t8 oygrvhab hcukyx3x c1et5uql ii04i59q\">\n<div dir=\"auto\" style=\"text-align: start;\">Wir werden in der N\u00e4he sein, um Sie bei Bedarf zu unterst\u00fctzen.<\/div>\n<\/div>\n<p><span style=\"font-weight: 400;\">Entdecken Sie die Geschichten und Legenden der Bretagne zwischen Meer und Armorikanischem Massiv!<\/span><\/p>\n<blockquote>\n<h3 style=\"text-align: left;\"><span style=\"font-weight: 400;\">Wir leben unseren Traum und m\u00f6chten ihn mit Ihnen teilen!<br \/><\/span><\/h3>\n<\/blockquote>\n<p><span style=\"font-weight: 400;\">Genie\u00dfen Sie einen entspannenden und erfrischenden Urlaub und erleben Sie das wahre Leben der Boh\u00e8me!<br \/><\/span><\/p>\n<p><span style=\"font-weight: 400;\">Wir begleiten Sie dabei, eine Pause im hektischen Alltag einzulegen und um \u00fcber unsere Lebensentscheidungen und Gewohnheiten nachzudenken.<br \/><\/span><\/p>\n<p><span style=\"font-weight: 400;\">Kinder und Erwachsene werden eine farbenfrohe Welt voller Poesie entdecken, der wir gerne unser Gl\u00fcck und gute Laune hinzuf\u00fcgen werden. Lassen Sie uns gemeinsam ein unvergessliches Erlebnis teilen. Eine Form von bewusster Einfachheit. Kehren Sie zu den Wurzeln zur\u00fcck und finden Sie Ihr Wesentliches!<\/span><\/p>\n<p>[\/et_pb_text][\/et_pb_column][et_pb_column type=\u00a0\u00bb1_3&Prime; _builder_version=\u00a0\u00bb4.4.6&Prime;][et_pb_text _builder_version=\u00a0\u00bb4.9.3&Prime; _module_preset=\u00a0\u00bbdefault\u00a0\u00bb text_font=\u00a0\u00bb|||||on|||\u00a0\u00bb text_text_color=\u00a0\u00bb#000000&Prime; text_font_size=\u00a0\u00bb16px\u00a0\u00bb text_orientation=\u00a0\u00bbcenter\u00a0\u00bb]Strecken zwischen den Sommern seit 2018[\/et_pb_text][et_pb_image src=\u00a0\u00bbhttps:\/\/roulopa.com\/wp-content\/uploads\/2023\/09\/parcours-1.png\u00a0\u00bb alt=\u00a0\u00bbparcours 2023&Prime; title_text=\u00a0\u00bbparcours 2018-2023&Prime; _builder_version=\u00a0\u00bb4.9.3&Prime; _module_preset=\u00a0\u00bbdefault\u00a0\u00bb][\/et_pb_image][\/et_pb_column][\/et_pb_row][et_pb_row _builder_version=\u00a0\u00bb4.9.3&Prime; _module_preset=\u00a0\u00bbdefault\u00a0\u00bb][et_pb_column type=\u00a0\u00bb4_4&Prime; _builder_version=\u00a0\u00bb4.9.3&Prime; _module_preset=\u00a0\u00bbdefault\u00a0\u00bb][et_pb_video src=\u00a0\u00bbhttps:\/\/youtube.com\/shorts\/vigjNT0i81Y?feature=share\u00a0\u00bb src_webm=\u00a0\u00bbhttps:\/\/youtube.com\/shorts\/bbmzs83CuXc?feature=share\u00a0\u00bb _builder_version=\u00a0\u00bb4.9.3&Prime; _module_preset=\u00a0\u00bbdefault\u00a0\u00bb hover_enabled=\u00a0\u00bb0&Prime; sticky_enabled=\u00a0\u00bb0&Prime;][\/et_pb_video][\/et_pb_column][\/et_pb_row][et_pb_row _builder_version=\u00a0\u00bb3.25&Prime; custom_padding=\u00a0\u00bb0px|0px|0px|0px\u00a0\u00bb][et_pb_column type=\u00a0\u00bb4_4&Prime; _builder_version=\u00a0\u00bb3.25&Prime; custom_padding=\u00a0\u00bb|||\u00a0\u00bb custom_padding__hover=\u00a0\u00bb|||\u00a0\u00bb][et_pb_text _builder_version=\u00a0\u00bb3.27.4&Prime;]<\/p>\n<h3><span style=\"font-weight: 400;\">\u200bDAS LEBEN IM PLANWAGEN<\/span><\/h3>\n<p><span style=\"font-weight: 400;\">Dieser ungew\u00f6hnliche Lebensstil vereint pure Sch\u00f6nheit und Poesie. \u00c4hnlich wie bei urt\u00fcmlichen Wohnst\u00e4tten wie Tipis, Jurten oder Tiny Houses geht es darum, sich n\u00e4her an der Natur zu befinden und nur das Wesentliche, die Essenz, die Natur selbst, zu haben.<br \/>\n<\/span>[\/et_pb_text][\/et_pb_column][\/et_pb_row][et_pb_row _builder_version=\u00a0\u00bb3.25&Prime; custom_padding=\u00a0\u00bb22px|0px|0px|0px\u00a0\u00bb][et_pb_column type=\u00a0\u00bb4_4&Prime; _builder_version=\u00a0\u00bb3.25&Prime; custom_padding=\u00a0\u00bb|||\u00a0\u00bb custom_padding__hover=\u00a0\u00bb|||\u00a0\u00bb][et_pb_text _builder_version=\u00a0\u00bb3.27.4&Prime;]<span style=\"font-weight: 400;\">Der Planwagen Hippocamp&rsquo;bus ist nicht nur eine Unterkunft, sondern eine Einladung zur Entschleunigung, eine Zeitkapsel, ein Moment au\u00dferhalb der Zeit, ein Foto aus der Vergangenheit und ein Zeugnis f\u00fcr das, was immer noch wichtig ist. Mit uns werden Ihre Ferien einen Hauch von Neubeginn haben. Sie werden von den einfachen Dingen des t\u00e4glichen Lebens \u00fcberrascht sein. Die Sonnenstrahlen, der Flug eines Vogels, der Ruf eines Fuchses, das Lachen der Kinder werden wie Erinnerungen klingen, die Sie mit sich tragen werden.<br \/>\n<\/span>[\/et_pb_text][\/et_pb_column][\/et_pb_row][et_pb_row _builder_version=\u00a0\u00bb3.25&Prime;][et_pb_column type=\u00a0\u00bb4_4&Prime; _builder_version=\u00a0\u00bb3.25&Prime; custom_padding=\u00a0\u00bb|||\u00a0\u00bb custom_padding__hover=\u00a0\u00bb|||\u00a0\u00bb][et_pb_text _builder_version=\u00a0\u00bb3.27.4&Prime;]<\/p>\n<h3><span style=\"font-weight: 400;\">WIE FUNKTIONIERT ES?<br \/>\n<\/span><\/h3>\n<ol>\n<li style=\"font-weight: 400;\"><span style=\"font-weight: 400;\">Buchen Sie online oder telefonisch.<br \/>\n<\/span><\/li>\n<li style=\"font-weight: 400;\"><span style=\"font-weight: 400;\">Wir best\u00e4tigen Ihre Buchung per E-Mail und setzen uns mit Ihnen in Verbindung, um Ihre W\u00fcnsche zu kl\u00e4ren.<\/span><\/li>\n<li style=\"font-weight: 400;\"><span style=\"font-weight: 400;\">Ein paar Tage vor Ihrer Ankunft \u00fcberpr\u00fcfen Sie, wo wir genau stehen.<br \/>\n<\/span><\/li>\n<li style=\"font-weight: 400;\"><span style=\"font-weight: 400;\">Kontaktieren Sie uns, um bei Bedarf den genauen Standort zu erfahren.<br \/>\n<\/span><\/li>\n<li style=\"font-weight: 400;\"><span style=\"font-weight: 400;\">Treten Sie uns bei (mit dem Auto, Zug, Fahrrad, zu Fu\u00df oder sogar zu Pferd!)<br \/>\n<\/span><\/li>\n<li style=\"font-weight: 400;\"><span style=\"font-weight: 400;\">Wenn n\u00f6tig, k\u00f6nnen Sie von einem Taxi abgeholt werden (im w\u00f6chentlichen Buchungspreis enthalten).<br \/>\n<\/span><\/li>\n<li style=\"font-weight: 400;\"><span style=\"font-weight: 400;\">Am ersten Tag nehmen wir uns Zeit, um uns kennenzulernen und Ihre W\u00fcnsche zu besprechen.<br \/>\n<\/span><\/li>\n<li style=\"font-weight: 400;\"><span style=\"font-weight: 400;\">Sie k\u00f6nnen an den t\u00e4glichen Aktivit\u00e4ten, Entspannungs- und Erholungsaktivit\u00e4ten sowie der Pflege der Pferde, kreativen oder k\u00fcnstlerischen Aktivit\u00e4ten teilhaben.<\/span><\/li>\n<\/ol>\n<p>[\/et_pb_text][et_pb_text _builder_version=\u00a0\u00bb4.4.6&Prime;]<\/p>\n<h3><\/h3>\n<h3><span style=\"font-weight: 400;\">WAS IST ENTHALTEN?<br \/>\n<\/span><\/h3>\n<p><span style=\"font-weight: 400;\">Entsprechend unseren \u00f6kologischen \u00dcberzeugungen ist die Unterkunft minimalistisch, aber funktional und komfortabel. Jede Einrichtung oder Ausstattung erf\u00fcllt einen bestimmten Bedarf und bedeutet&#8230; Gewicht f\u00fcr die Pferde!<br \/>\n<\/span><\/p>\n<p>Der Planwagen ist f\u00fcr eine Familie mit 4 Personen (2 Erwachsene und 2 oder sogar 3 Kinder) ausgestattet.<br \/>\n<span style=\"font-weight: 400;\">Details zur Buchung<\/span>[\/et_pb_text][et_pb_text _builder_version=\u00a0\u00bb4.6.6&Prime; border_width_all=\u00a0\u00bb1px\u00a0\u00bb border_color_all=\u00a0\u00bb#aec38b\u00a0\u00bb box_shadow_style=\u00a0\u00bbpreset3&Prime;]<\/p>\n<h2>Was gibt es in der Umgebung zu tun?<\/h2>\n<p><span style=\"color: #000000;\"><a style=\"color: #000000;\" href=\"https:\/\/roulopa.com\/index.php\/gite-hippocampe\/2038-2\/\">Hier ist eine Liste von Aktivit\u00e4ten und unverzichtbaren touristischen Orten auf einer interaktiven Karte&#8230;<br \/>\n<\/a><\/span>[\/et_pb_text][\/et_pb_column][\/et_pb_row][et_pb_row _builder_version=\u00a0\u00bb3.25&Prime; custom_margin=\u00a0\u00bb|auto|36px|auto||\u00a0\u00bb custom_padding=\u00a0\u00bb30px|0px|0px|0px\u00a0\u00bb][et_pb_column type=\u00a0\u00bb4_4&Prime; _builder_version=\u00a0\u00bb3.25&Prime; custom_padding=\u00a0\u00bb|||\u00a0\u00bb custom_padding__hover=\u00a0\u00bb|||\u00a0\u00bb][et_pb_button button_url=\u00a0\u00bbhttps:\/\/roulopa.com\/index.php\/reservation\/\u00a0\u00bb button_text=\u00a0\u00bbJA, ich m\u00f6chte einen Aufenthalt buchen!\u00a0\u00bb button_alignment=\u00a0\u00bbcenter\u00a0\u00bb _builder_version=\u00a0\u00bb4.9.3&Prime; custom_button=\u00a0\u00bbon\u00a0\u00bb button_text_size=\u00a0\u00bb32px\u00a0\u00bb button_text_size__hover_enabled=\u00a0\u00bboff\u00a0\u00bb button_one_text_size__hover_enabled=\u00a0\u00bboff\u00a0\u00bb button_two_text_size__hover_enabled=\u00a0\u00bboff\u00a0\u00bb button_text_color__hover_enabled=\u00a0\u00bboff\u00a0\u00bb button_one_text_color__hover_enabled=\u00a0\u00bboff\u00a0\u00bb button_two_text_color__hover_enabled=\u00a0\u00bboff\u00a0\u00bb button_border_width__hover_enabled=\u00a0\u00bboff\u00a0\u00bb button_one_border_width__hover_enabled=\u00a0\u00bboff\u00a0\u00bb button_two_border_width__hover_enabled=\u00a0\u00bboff\u00a0\u00bb button_border_color__hover_enabled=\u00a0\u00bboff\u00a0\u00bb button_one_border_color__hover_enabled=\u00a0\u00bboff\u00a0\u00bb button_two_border_color__hover_enabled=\u00a0\u00bboff\u00a0\u00bb button_border_radius__hover_enabled=\u00a0\u00bboff\u00a0\u00bb button_one_border_radius__hover_enabled=\u00a0\u00bboff\u00a0\u00bb button_two_border_radius__hover_enabled=\u00a0\u00bboff\u00a0\u00bb button_letter_spacing__hover_enabled=\u00a0\u00bboff\u00a0\u00bb button_one_letter_spacing__hover_enabled=\u00a0\u00bboff\u00a0\u00bb button_two_letter_spacing__hover_enabled=\u00a0\u00bboff\u00a0\u00bb button_bg_color__hover_enabled=\u00a0\u00bboff\u00a0\u00bb button_one_bg_color__hover_enabled=\u00a0\u00bboff\u00a0\u00bb button_two_bg_color__hover_enabled=\u00a0\u00bboff\u00a0\u00bb]\u00a0[\/et_pb_button][\/et_pb_column][\/et_pb_row][et_pb_row column_structure=\u00a0\u00bb1_2,1_2&Prime; _builder_version=\u00a0\u00bb4.9.3&Prime; custom_padding=\u00a0\u00bb0px|0px|0px|0px\u00a0\u00bb][et_pb_column type=\u00a0\u00bb1_2&Prime; _builder_version=\u00a0\u00bb3.25&Prime; custom_padding=\u00a0\u00bb|||\u00a0\u00bb custom_padding__hover=\u00a0\u00bb|||\u00a0\u00bb][et_pb_text _builder_version=\u00a0\u00bb4.4.6&Prime;]<\/p>\n<blockquote>\n<h3 style=\"text-align: center;\"><b>\u00ab\u00a0\u00a0\u00bbSchlie\u00dfen Sie sich diesem unvergesslichen menschlichen Abenteuer an, leben Sie das Leben der Boh\u00e8me!\u00a0\u00bb<br \/>\n<\/b><b>\u00ab\u00a0<\/b><\/h3>\n<\/blockquote>\n<p>[\/et_pb_text][et_pb_comments show_reply=\u00a0\u00bboff\u00a0\u00bb show_count=\u00a0\u00bboff\u00a0\u00bb _builder_version=\u00a0\u00bb4.6.6&Prime; custom_padding=\u00a0\u00bb||8px|||\u00a0\u00bb][\/et_pb_comments][\/et_pb_column][et_pb_column type=\u00a0\u00bb1_2&Prime; _builder_version=\u00a0\u00bb4.6.6&Prime; _module_preset=\u00a0\u00bbdefault\u00a0\u00bb][et_pb_gallery gallery_ids=\u00a0\u00bb1499,1500,1501,1502,1505,1504,1503,1904,1898,1900,1899,1905,1908,1909,1915,1914,1913,1912,1911,1910,1907,2074,2217,1917,1918,1919&Prime; gallery_orderby=\u00a0\u00bbrand\u00a0\u00bb _builder_version=\u00a0\u00bb4.9.3&Prime;][\/et_pb_gallery][et_pb_gallery gallery_ids=\u00a0\u00bb1908,1915,1914,1913,1912,1911,1907,1906,1905,1909,1910,1904,1898&Prime; _builder_version=\u00a0\u00bb4.9.3&Prime; _module_preset=\u00a0\u00bbdefault\u00a0\u00bb][\/et_pb_gallery][\/et_pb_column][\/et_pb_row][\/et_pb_section]<\/p>\n","protected":false},"excerpt":{"rendered":"<p>Der Planwagen \u00ab\u00a0Hippocamp&rsquo;bus\u00a0\u00bb ist ein unvergessliches Erlebnis!<br \/>\nDie Unterkunft wird von der Vereinigung Roulopa verwaltet und kann w\u00e4hrend der Sommermonate (Juni bis September) gemietet werden.<\/p>\n<p>Wir reisen in der Nebensaison und bleiben im Sommer in derselben Gegend. Urlauber sind eingeladen, das Leben der Boh\u00e8me zu erleben, nach vergessener Freiheit zu suchen und in Kontakt mit Mutter Natur zu treten!<\/p>\n","protected":false},"author":1,"featured_media":2657,"parent":0,"menu_order":0,"comment_status":"open","ping_status":"closed","template":"","meta":{"_et_pb_use_builder":"on","_et_pb_old_content":"","_et_gb_content_width":"","om_disable_all_campaigns":false,"_monsterinsights_skip_tracking":false,"_monsterinsights_sitenote_active":false,"_monsterinsights_sitenote_note":"","_monsterinsights_sitenote_category":0,"jetpack_post_was_ever_published":false,"footnotes":""},"class_list":["post-3280","page","type-page","status-publish","has-post-thumbnail","hentry"],"yoast_head":"<!-- This site is optimized with the Yoast SEO plugin v27.4 - https:\/\/yoast.com\/product\/yoast-seo-wordpress\/ -->\n<title>Der Planwagen &quot;Hippocamp&#039;bus&quot; - old - Roulopa<\/title>\n<meta name=\"description\" content=\"Wir leben unseren Traum und m\u00f6chten ihn mit Ihnen teilen!Genie\u00dfen Sie einen entspannenden und erfrischenden Urlaub und erleben Sie das wahre Leben der Boh\u00e8me!Wir begleiten Sie dabei, eine Pause im hektischen Alltag einzulegen und um \u00fcber unsere Lebensentscheidungen und Gewohnheiten nachzudenken.\" \/>\n<meta name=\"robots\" content=\"index, follow, max-snippet:-1, max-image-preview:large, max-video-preview:-1\" \/>\n<link rel=\"canonical\" href=\"https:\/\/roulopa.com\/index.php\/de\/planwagen\/\" \/>\n<meta property=\"og:locale\" content=\"fr_FR\" \/>\n<meta property=\"og:type\" content=\"article\" \/>\n<meta property=\"og:title\" content=\"Der Planwagen &quot;Hippocamp&#039;bus&quot; - old - Roulopa\" \/>\n<meta property=\"og:description\" content=\"Wir leben unseren Traum und m\u00f6chten ihn mit Ihnen teilen!Genie\u00dfen Sie einen entspannenden und erfrischenden Urlaub und erleben Sie das wahre Leben der Boh\u00e8me!Wir begleiten Sie dabei, eine Pause im hektischen Alltag einzulegen und um \u00fcber unsere Lebensentscheidungen und Gewohnheiten nachzudenken.\" \/>\n<meta property=\"og:url\" content=\"https:\/\/roulopa.com\/index.php\/de\/planwagen\/\" \/>\n<meta property=\"og:site_name\" content=\"Roulopa\" \/>\n<meta property=\"article:publisher\" content=\"https:\/\/www.facebook.com\/roulopa\/\" \/>\n<meta property=\"article:modified_time\" content=\"2025-05-07T14:00:00+00:00\" \/>\n<meta property=\"og:image\" content=\"https:\/\/roulopa.com\/wp-content\/uploads\/2021\/01\/bannieres_gite-1024x489_DE.jpg\" \/>\n\t<meta property=\"og:image:width\" content=\"1024\" \/>\n\t<meta property=\"og:image:height\" content=\"489\" \/>\n\t<meta property=\"og:image:type\" content=\"image\/jpeg\" \/>\n<meta name=\"twitter:card\" content=\"summary_large_image\" \/>\n<meta name=\"twitter:label1\" content=\"Dur\u00e9e de lecture estim\u00e9e\" \/>\n\t<meta name=\"twitter:data1\" content=\"5 minutes\" \/>\n<script type=\"application\/ld+json\" class=\"yoast-schema-graph\">{\"@context\":\"https:\\\/\\\/schema.org\",\"@graph\":[{\"@type\":\"WebPage\",\"@id\":\"https:\\\/\\\/roulopa.com\\\/index.php\\\/de\\\/planwagen\\\/\",\"url\":\"https:\\\/\\\/roulopa.com\\\/index.php\\\/de\\\/planwagen\\\/\",\"name\":\"Der Planwagen \\\"Hippocamp'bus\\\" - old - Roulopa\",\"isPartOf\":{\"@id\":\"https:\\\/\\\/roulopa.com\\\/#website\"},\"primaryImageOfPage\":{\"@id\":\"https:\\\/\\\/roulopa.com\\\/index.php\\\/de\\\/planwagen\\\/#primaryimage\"},\"image\":{\"@id\":\"https:\\\/\\\/roulopa.com\\\/index.php\\\/de\\\/planwagen\\\/#primaryimage\"},\"thumbnailUrl\":\"https:\\\/\\\/i0.wp.com\\\/roulopa.com\\\/wp-content\\\/uploads\\\/2021\\\/01\\\/bannieres_gite-1024x489_DE.jpg?fit=1024%2C489&ssl=1\",\"datePublished\":\"2023-09-09T14:48:27+00:00\",\"dateModified\":\"2025-05-07T14:00:00+00:00\",\"description\":\"Wir leben unseren Traum und m\u00f6chten ihn mit Ihnen teilen!Genie\u00dfen Sie einen entspannenden und erfrischenden Urlaub und erleben Sie das wahre Leben der Boh\u00e8me!Wir begleiten Sie dabei, eine Pause im hektischen Alltag einzulegen und um \u00fcber unsere Lebensentscheidungen und Gewohnheiten nachzudenken.\",\"breadcrumb\":{\"@id\":\"https:\\\/\\\/roulopa.com\\\/index.php\\\/de\\\/planwagen\\\/#breadcrumb\"},\"inLanguage\":\"fr-FR\",\"potentialAction\":[{\"@type\":\"ReadAction\",\"target\":[\"https:\\\/\\\/roulopa.com\\\/index.php\\\/de\\\/planwagen\\\/\"]}]},{\"@type\":\"ImageObject\",\"inLanguage\":\"fr-FR\",\"@id\":\"https:\\\/\\\/roulopa.com\\\/index.php\\\/de\\\/planwagen\\\/#primaryimage\",\"url\":\"https:\\\/\\\/i0.wp.com\\\/roulopa.com\\\/wp-content\\\/uploads\\\/2021\\\/01\\\/bannieres_gite-1024x489_DE.jpg?fit=1024%2C489&ssl=1\",\"contentUrl\":\"https:\\\/\\\/i0.wp.com\\\/roulopa.com\\\/wp-content\\\/uploads\\\/2021\\\/01\\\/bannieres_gite-1024x489_DE.jpg?fit=1024%2C489&ssl=1\",\"width\":1024,\"height\":489,\"caption\":\"banni\u00e8re gite DE\"},{\"@type\":\"BreadcrumbList\",\"@id\":\"https:\\\/\\\/roulopa.com\\\/index.php\\\/de\\\/planwagen\\\/#breadcrumb\",\"itemListElement\":[{\"@type\":\"ListItem\",\"position\":1,\"name\":\"Accueil\",\"item\":\"https:\\\/\\\/roulopa.com\\\/\"},{\"@type\":\"ListItem\",\"position\":2,\"name\":\"Der Planwagen \u00ab\u00a0Hippocamp&rsquo;bus\u00a0\u00bb &#8211; old\"}]},{\"@type\":\"WebSite\",\"@id\":\"https:\\\/\\\/roulopa.com\\\/#website\",\"url\":\"https:\\\/\\\/roulopa.com\\\/\",\"name\":\"Roulopa\",\"description\":\"exp\u00e9dition en Roulotte \u00e0 cheval : animations, g\u00eete, accueils scolaires, attelage\",\"publisher\":{\"@id\":\"https:\\\/\\\/roulopa.com\\\/#organization\"},\"potentialAction\":[{\"@type\":\"SearchAction\",\"target\":{\"@type\":\"EntryPoint\",\"urlTemplate\":\"https:\\\/\\\/roulopa.com\\\/?s={search_term_string}\"},\"query-input\":{\"@type\":\"PropertyValueSpecification\",\"valueRequired\":true,\"valueName\":\"search_term_string\"}}],\"inLanguage\":\"fr-FR\"},{\"@type\":\"Organization\",\"@id\":\"https:\\\/\\\/roulopa.com\\\/#organization\",\"name\":\"roulopa\",\"url\":\"https:\\\/\\\/roulopa.com\\\/\",\"logo\":{\"@type\":\"ImageObject\",\"inLanguage\":\"fr-FR\",\"@id\":\"https:\\\/\\\/roulopa.com\\\/#\\\/schema\\\/logo\\\/image\\\/\",\"url\":\"https:\\\/\\\/i2.wp.com\\\/roulopa.com\\\/wp-content\\\/uploads\\\/2017\\\/12\\\/roulopa_final.jpg?fit=2048%2C1011&ssl=1\",\"contentUrl\":\"https:\\\/\\\/i2.wp.com\\\/roulopa.com\\\/wp-content\\\/uploads\\\/2017\\\/12\\\/roulopa_final.jpg?fit=2048%2C1011&ssl=1\",\"width\":2048,\"height\":1011,\"caption\":\"roulopa\"},\"image\":{\"@id\":\"https:\\\/\\\/roulopa.com\\\/#\\\/schema\\\/logo\\\/image\\\/\"},\"sameAs\":[\"https:\\\/\\\/www.facebook.com\\\/roulopa\\\/\",\"https:\\\/\\\/www.instagram.com\\\/roulopa\\\/\",\"https:\\\/\\\/www.pinterest.fr\\\/roulopa\\\/\",\"https:\\\/\\\/www.youtube.com\\\/channel\\\/UC5BRVVWv8QY35HjOtAPaROA\\\/featured\"]}]}<\/script>\n<!-- \/ Yoast SEO plugin. -->","yoast_head_json":{"title":"Der Planwagen \"Hippocamp'bus\" - old - Roulopa","description":"Wir leben unseren Traum und m\u00f6chten ihn mit Ihnen teilen!Genie\u00dfen Sie einen entspannenden und erfrischenden Urlaub und erleben Sie das wahre Leben der Boh\u00e8me!Wir begleiten Sie dabei, eine Pause im hektischen Alltag einzulegen und um \u00fcber unsere Lebensentscheidungen und Gewohnheiten nachzudenken.","robots":{"index":"index","follow":"follow","max-snippet":"max-snippet:-1","max-image-preview":"max-image-preview:large","max-video-preview":"max-video-preview:-1"},"canonical":"https:\/\/roulopa.com\/index.php\/de\/planwagen\/","og_locale":"fr_FR","og_type":"article","og_title":"Der Planwagen \"Hippocamp'bus\" - old - Roulopa","og_description":"Wir leben unseren Traum und m\u00f6chten ihn mit Ihnen teilen!Genie\u00dfen Sie einen entspannenden und erfrischenden Urlaub und erleben Sie das wahre Leben der Boh\u00e8me!Wir begleiten Sie dabei, eine Pause im hektischen Alltag einzulegen und um \u00fcber unsere Lebensentscheidungen und Gewohnheiten nachzudenken.","og_url":"https:\/\/roulopa.com\/index.php\/de\/planwagen\/","og_site_name":"Roulopa","article_publisher":"https:\/\/www.facebook.com\/roulopa\/","article_modified_time":"2025-05-07T14:00:00+00:00","og_image":[{"width":1024,"height":489,"url":"https:\/\/roulopa.com\/wp-content\/uploads\/2021\/01\/bannieres_gite-1024x489_DE.jpg","type":"image\/jpeg"}],"twitter_card":"summary_large_image","twitter_misc":{"Dur\u00e9e de lecture estim\u00e9e":"5 minutes"},"schema":{"@context":"https:\/\/schema.org","@graph":[{"@type":"WebPage","@id":"https:\/\/roulopa.com\/index.php\/de\/planwagen\/","url":"https:\/\/roulopa.com\/index.php\/de\/planwagen\/","name":"Der Planwagen \"Hippocamp'bus\" - old - Roulopa","isPartOf":{"@id":"https:\/\/roulopa.com\/#website"},"primaryImageOfPage":{"@id":"https:\/\/roulopa.com\/index.php\/de\/planwagen\/#primaryimage"},"image":{"@id":"https:\/\/roulopa.com\/index.php\/de\/planwagen\/#primaryimage"},"thumbnailUrl":"https:\/\/i0.wp.com\/roulopa.com\/wp-content\/uploads\/2021\/01\/bannieres_gite-1024x489_DE.jpg?fit=1024%2C489&ssl=1","datePublished":"2023-09-09T14:48:27+00:00","dateModified":"2025-05-07T14:00:00+00:00","description":"Wir leben unseren Traum und m\u00f6chten ihn mit Ihnen teilen!Genie\u00dfen Sie einen entspannenden und erfrischenden Urlaub und erleben Sie das wahre Leben der Boh\u00e8me!Wir begleiten Sie dabei, eine Pause im hektischen Alltag einzulegen und um \u00fcber unsere Lebensentscheidungen und Gewohnheiten nachzudenken.","breadcrumb":{"@id":"https:\/\/roulopa.com\/index.php\/de\/planwagen\/#breadcrumb"},"inLanguage":"fr-FR","potentialAction":[{"@type":"ReadAction","target":["https:\/\/roulopa.com\/index.php\/de\/planwagen\/"]}]},{"@type":"ImageObject","inLanguage":"fr-FR","@id":"https:\/\/roulopa.com\/index.php\/de\/planwagen\/#primaryimage","url":"https:\/\/i0.wp.com\/roulopa.com\/wp-content\/uploads\/2021\/01\/bannieres_gite-1024x489_DE.jpg?fit=1024%2C489&ssl=1","contentUrl":"https:\/\/i0.wp.com\/roulopa.com\/wp-content\/uploads\/2021\/01\/bannieres_gite-1024x489_DE.jpg?fit=1024%2C489&ssl=1","width":1024,"height":489,"caption":"banni\u00e8re gite DE"},{"@type":"BreadcrumbList","@id":"https:\/\/roulopa.com\/index.php\/de\/planwagen\/#breadcrumb","itemListElement":[{"@type":"ListItem","position":1,"name":"Accueil","item":"https:\/\/roulopa.com\/"},{"@type":"ListItem","position":2,"name":"Der Planwagen \u00ab\u00a0Hippocamp&rsquo;bus\u00a0\u00bb &#8211; old"}]},{"@type":"WebSite","@id":"https:\/\/roulopa.com\/#website","url":"https:\/\/roulopa.com\/","name":"Roulopa","description":"exp\u00e9dition en Roulotte \u00e0 cheval : animations, g\u00eete, accueils scolaires, attelage","publisher":{"@id":"https:\/\/roulopa.com\/#organization"},"potentialAction":[{"@type":"SearchAction","target":{"@type":"EntryPoint","urlTemplate":"https:\/\/roulopa.com\/?s={search_term_string}"},"query-input":{"@type":"PropertyValueSpecification","valueRequired":true,"valueName":"search_term_string"}}],"inLanguage":"fr-FR"},{"@type":"Organization","@id":"https:\/\/roulopa.com\/#organization","name":"roulopa","url":"https:\/\/roulopa.com\/","logo":{"@type":"ImageObject","inLanguage":"fr-FR","@id":"https:\/\/roulopa.com\/#\/schema\/logo\/image\/","url":"https:\/\/i2.wp.com\/roulopa.com\/wp-content\/uploads\/2017\/12\/roulopa_final.jpg?fit=2048%2C1011&ssl=1","contentUrl":"https:\/\/i2.wp.com\/roulopa.com\/wp-content\/uploads\/2017\/12\/roulopa_final.jpg?fit=2048%2C1011&ssl=1","width":2048,"height":1011,"caption":"roulopa"},"image":{"@id":"https:\/\/roulopa.com\/#\/schema\/logo\/image\/"},"sameAs":["https:\/\/www.facebook.com\/roulopa\/","https:\/\/www.instagram.com\/roulopa\/","https:\/\/www.pinterest.fr\/roulopa\/","https:\/\/www.youtube.com\/channel\/UC5BRVVWv8QY35HjOtAPaROA\/featured"]}]}},"jetpack_sharing_enabled":true,"_links":{"self":[{"href":"https:\/\/roulopa.com\/index.php\/wp-json\/wp\/v2\/pages\/3280","targetHints":{"allow":["GET"]}}],"collection":[{"href":"https:\/\/roulopa.com\/index.php\/wp-json\/wp\/v2\/pages"}],"about":[{"href":"https:\/\/roulopa.com\/index.php\/wp-json\/wp\/v2\/types\/page"}],"author":[{"embeddable":true,"href":"https:\/\/roulopa.com\/index.php\/wp-json\/wp\/v2\/users\/1"}],"replies":[{"embeddable":true,"href":"https:\/\/roulopa.com\/index.php\/wp-json\/wp\/v2\/comments?post=3280"}],"version-history":[{"count":15,"href":"https:\/\/roulopa.com\/index.php\/wp-json\/wp\/v2\/pages\/3280\/revisions"}],"predecessor-version":[{"id":3891,"href":"https:\/\/roulopa.com\/index.php\/wp-json\/wp\/v2\/pages\/3280\/revisions\/3891"}],"wp:featuredmedia":[{"embeddable":true,"href":"https:\/\/roulopa.com\/index.php\/wp-json\/wp\/v2\/media\/2657"}],"wp:attachment":[{"href":"https:\/\/roulopa.com\/index.php\/wp-json\/wp\/v2\/media?parent=3280"}],"curies":[{"name":"wp","href":"https:\/\/api.w.org\/{rel}","templated":true}]}}