{"id":731,"date":"2018-02-19T17:37:39","date_gmt":"2018-02-19T16:37:39","guid":{"rendered":"http:\/\/roulopa.com\/?page_id=731"},"modified":"2025-05-07T16:02:26","modified_gmt":"2025-05-07T14:02:26","slug":"homepage","status":"publish","type":"page","link":"https:\/\/roulopa.com\/index.php\/en\/homepage\/","title":{"rendered":"Homepage"},"content":{"rendered":"<p>[et_pb_section fb_built=\u00a0\u00bb1&Prime; fullwidth=\u00a0\u00bbon\u00a0\u00bb _builder_version=\u00a0\u00bb3.22.3&Prime;][et_pb_fullwidth_image src=\u00a0\u00bbhttps:\/\/roulopa.com\/wp-content\/uploads\/2020\/05\/bannieres_accueil-1024&#215;489-2.jpg\u00a0\u00bb alt=\u00a0\u00bbbanni\u00e8re accueil\u00a0\u00bb title_text=\u00a0\u00bbbannieres_accueil-1024&#215;489&Prime; _builder_version=\u00a0\u00bb4.4.6&Prime;][\/et_pb_fullwidth_image][\/et_pb_section][et_pb_section fb_built=\u00a0\u00bb1&Prime; _builder_version=\u00a0\u00bb4.6.6&Prime; _module_preset=\u00a0\u00bbdefault\u00a0\u00bb background_color=\u00a0\u00bbrgba(0,0,0,0)\u00a0\u00bb][et_pb_row column_structure=\u00a0\u00bb1_6,1_6,1_6,1_6,1_6,1_6&Prime; _builder_version=\u00a0\u00bb4.6.6&Prime; _module_preset=\u00a0\u00bbdefault\u00a0\u00bb][et_pb_column type=\u00a0\u00bb1_6&Prime; _builder_version=\u00a0\u00bb4.6.6&Prime; _module_preset=\u00a0\u00bbdefault\u00a0\u00bb][et_pb_image src=\u00a0\u00bbhttps:\/\/roulopa.com\/wp-content\/uploads\/2021\/02\/boutique-150&#215;150.png\u00a0\u00bb alt=\u00a0\u00bbmacaron boutique\u00a0\u00bb title_text=\u00a0\u00bbboutique\u00a0\u00bb url=\u00a0\u00bbhttps:\/\/roulopa.com\/index.php\/boutique\/\u00a0\u00bb _builder_version=\u00a0\u00bb4.6.6&Prime; _module_preset=\u00a0\u00bbdefault\u00a0\u00bb custom_margin=\u00a0\u00bb|-1px||||\u00a0\u00bb animation_style=\u00a0\u00bbbounce\u00a0\u00bb][\/et_pb_image][\/et_pb_column][et_pb_column type=\u00a0\u00bb1_6&Prime; _builder_version=\u00a0\u00bb4.6.6&Prime; _module_preset=\u00a0\u00bbdefault\u00a0\u00bb][et_pb_image src=\u00a0\u00bbhttps:\/\/roulopa.com\/wp-content\/uploads\/2021\/02\/blog-1-150&#215;150.png\u00a0\u00bb alt=\u00a0\u00bbblog\u00a0\u00bb title_text=\u00a0\u00bbblog\u00a0\u00bb url=\u00a0\u00bbhttps:\/\/roulopa.com\/index.php\/blog\/\u00a0\u00bb _builder_version=\u00a0\u00bb4.6.6&Prime; _module_preset=\u00a0\u00bbdefault\u00a0\u00bb animation_style=\u00a0\u00bbbounce\u00a0\u00bb][\/et_pb_image][\/et_pb_column][et_pb_column type=\u00a0\u00bb1_6&Prime; _builder_version=\u00a0\u00bb4.6.6&Prime; _module_preset=\u00a0\u00bbdefault\u00a0\u00bb][et_pb_image src=\u00a0\u00bbhttps:\/\/roulopa.com\/wp-content\/uploads\/2021\/02\/nous-150&#215;150.png\u00a0\u00bb alt=\u00a0\u00bbmacaron nous\u00a0\u00bb title_text=\u00a0\u00bbQui sommes nous?\u00a0\u00bb url=\u00a0\u00bbhttps:\/\/roulopa.com\/index.php\/semeurs-de-bonheur\/\u00a0\u00bb _builder_version=\u00a0\u00bb4.6.6&Prime; _module_preset=\u00a0\u00bbdefault\u00a0\u00bb animation_style=\u00a0\u00bbbounce\u00a0\u00bb][\/et_pb_image][\/et_pb_column][et_pb_column type=\u00a0\u00bb1_6&Prime; _builder_version=\u00a0\u00bb4.6.6&Prime; _module_preset=\u00a0\u00bbdefault\u00a0\u00bb][et_pb_image src=\u00a0\u00bbhttps:\/\/roulopa.com\/wp-content\/uploads\/2021\/02\/macaron_logo-150&#215;150.png\u00a0\u00bb alt=\u00a0\u00bbactivit\u00e9s de l&rsquo;association\u00a0\u00bb title_text=\u00a0\u00bbassociation ROULOPA\u00a0\u00bb url=\u00a0\u00bbhttps:\/\/roulopa.com\/index.php\/roulotte-libellule\/\u00a0\u00bb _builder_version=\u00a0\u00bb4.6.6&Prime; _module_preset=\u00a0\u00bbdefault\u00a0\u00bb animation_style=\u00a0\u00bbbounce\u00a0\u00bb][\/et_pb_image][\/et_pb_column][et_pb_column type=\u00a0\u00bb1_6&Prime; _builder_version=\u00a0\u00bb4.6.6&Prime; _module_preset=\u00a0\u00bbdefault\u00a0\u00bb][et_pb_image src=\u00a0\u00bbhttps:\/\/roulopa.com\/wp-content\/uploads\/2021\/02\/gite_-300&#215;300.png\u00a0\u00bb alt=\u00a0\u00bbROULOPA, le g\u00eete!\u00a0\u00bb title_text=\u00a0\u00bbG\u00eete boh\u00e8me en roulotte\u00a0\u00bb url_new_window=\u00a0\u00bbon\u00a0\u00bb _builder_version=\u00a0\u00bb4.9.3&Prime; _module_preset=\u00a0\u00bbdefault\u00a0\u00bb animation_style=\u00a0\u00bbbounce\u00a0\u00bb hover_enabled=\u00a0\u00bb0&Prime; sticky_enabled=\u00a0\u00bb0&Prime;][\/et_pb_image][\/et_pb_column][et_pb_column type=\u00a0\u00bb1_6&Prime; _builder_version=\u00a0\u00bb4.6.6&Prime; _module_preset=\u00a0\u00bbdefault\u00a0\u00bb][et_pb_image src=\u00a0\u00bbhttps:\/\/roulopa.com\/wp-content\/uploads\/2021\/02\/phone-contact-1-150&#215;150.png\u00a0\u00bb alt=\u00a0\u00bbcontact\u00a0\u00bb title_text=\u00a0\u00bbAppelez nous ou laissez nous un message !\u00a0\u00bb url=\u00a0\u00bbhttps:\/\/roulopa.com\/index.php\/contact\/\u00a0\u00bb _builder_version=\u00a0\u00bb4.6.6&Prime; _module_preset=\u00a0\u00bbdefault\u00a0\u00bb animation_style=\u00a0\u00bbroll\u00a0\u00bb][\/et_pb_image][\/et_pb_column][\/et_pb_row][et_pb_row column_structure=\u00a0\u00bb1_6,1_6,1_6,1_6,1_6,1_6&Prime; _builder_version=\u00a0\u00bb4.6.6&Prime; _module_preset=\u00a0\u00bbdefault\u00a0\u00bb][et_pb_column type=\u00a0\u00bb1_6&Prime; _builder_version=\u00a0\u00bb4.6.6&Prime; _module_preset=\u00a0\u00bbdefault\u00a0\u00bb][et_pb_text _builder_version=\u00a0\u00bb4.9.3&Prime; _module_preset=\u00a0\u00bbdefault\u00a0\u00bb]<\/p>\n<p>Shopping<\/p>\n<p>[\/et_pb_text][\/et_pb_column][et_pb_column type=\u00a0\u00bb1_6&Prime; _builder_version=\u00a0\u00bb4.6.6&Prime; _module_preset=\u00a0\u00bbdefault\u00a0\u00bb][et_pb_text _builder_version=\u00a0\u00bb4.6.6&Prime; _module_preset=\u00a0\u00bbdefault\u00a0\u00bb]<\/p>\n<p>Blog<\/p>\n<p>[\/et_pb_text][\/et_pb_column][et_pb_column type=\u00a0\u00bb1_6&Prime; _builder_version=\u00a0\u00bb4.6.6&Prime; _module_preset=\u00a0\u00bbdefault\u00a0\u00bb][et_pb_text _builder_version=\u00a0\u00bb4.9.3&Prime; _module_preset=\u00a0\u00bbdefault\u00a0\u00bb]<\/p>\n<p>who are we?<\/p>\n<p>[\/et_pb_text][\/et_pb_column][et_pb_column type=\u00a0\u00bb1_6&Prime; _builder_version=\u00a0\u00bb4.6.6&Prime; _module_preset=\u00a0\u00bbdefault\u00a0\u00bb][et_pb_text _builder_version=\u00a0\u00bb4.9.3&Prime; _module_preset=\u00a0\u00bbdefault\u00a0\u00bb]<\/p>\n<p>the NPO activities <\/p>\n<p>[\/et_pb_text][\/et_pb_column][et_pb_column type=\u00a0\u00bb1_6&Prime; _builder_version=\u00a0\u00bb4.6.6&Prime; _module_preset=\u00a0\u00bbdefault\u00a0\u00bb][et_pb_text _builder_version=\u00a0\u00bb4.9.3&Prime; _module_preset=\u00a0\u00bbdefault\u00a0\u00bb hover_enabled=\u00a0\u00bb0&Prime; sticky_enabled=\u00a0\u00bb0&Prime;]<\/p>\n<p>the guest wagon<\/p>\n<p>[\/et_pb_text][\/et_pb_column][et_pb_column type=\u00a0\u00bb1_6&Prime; _builder_version=\u00a0\u00bb4.6.6&Prime; _module_preset=\u00a0\u00bbdefault\u00a0\u00bb][et_pb_text _builder_version=\u00a0\u00bb4.9.3&Prime; _module_preset=\u00a0\u00bbdefault\u00a0\u00bb]<\/p>\n<p>Contact us<\/p>\n<p>[\/et_pb_text][\/et_pb_column][\/et_pb_row][\/et_pb_section][et_pb_section fb_built=\u00a0\u00bb1&Prime; specialty=\u00a0\u00bbon\u00a0\u00bb _builder_version=\u00a0\u00bb4.6.6&Prime; _module_preset=\u00a0\u00bbdefault\u00a0\u00bb][et_pb_column type=\u00a0\u00bb1_3&Prime; _builder_version=\u00a0\u00bb3.25&Prime; custom_padding=\u00a0\u00bb|||\u00a0\u00bb custom_padding__hover=\u00a0\u00bb|||\u00a0\u00bb][et_pb_code _builder_version=\u00a0\u00bb4.9.3&Prime; _module_preset=\u00a0\u00bbdefault\u00a0\u00bb]<iframe loading=\"lazy\" width=\"100%\" height=\"650\" src=\"https:\/\/www.openrunner.com\/embed\/2b36794744724a47676c70383042394e5467746e734a542b4d5070436955315a3343643030567474534c493d3a3a536ba91ae9ac28fe6e5ee2955b0c99f2?unit=metric\"><\/iframe>[\/et_pb_code][et_pb_audio title=\u00a0\u00bb\u00e9mission radio\u00a0\u00bb artist_name=\u00a0\u00bbAllo La Plan\u00e8te\u00a0\u00bb album_name=\u00a0\u00bbROULOPA | 57 min\u00a0\u00bb _builder_version=\u00a0\u00bb4.9.3&Prime; _module_preset=\u00a0\u00bbdefault\u00a0\u00bb link_option_url=\u00a0\u00bbhttps:\/\/podcast.ausha.co\/la-caravane-passe\/brigitte-blot-et-ioko-l-ane-voyageur\u00a0\u00bb][\/et_pb_audio][et_pb_code _builder_version=\u00a0\u00bb4.9.3&Prime; _module_preset=\u00a0\u00bbdefault\u00a0\u00bb]<iframe loading=\"lazy\" src=\"https:\/\/www.facebook.com\/plugins\/video.php?height=476&#038;href=https%3A%2F%2Fwww.facebook.com%2Fneotvofficiel%2Fvideos%2F340591848351257%2F&#038;show_text=false&#038;width=267&#038;t=0\" width=\"267\" height=\"476\" style=\"border:none;overflow:hidden\" scrolling=\"no\" frameborder=\"0\" allowfullscreen=\"true\" allow=\"autoplay; clipboard-write; encrypted-media; picture-in-picture; web-share\" allowFullScreen=\"true\"><\/iframe>[\/et_pb_code][\/et_pb_column][et_pb_column type=\u00a0\u00bb2_3&Prime; specialty_columns=\u00a0\u00bb2&Prime; _builder_version=\u00a0\u00bb3.25&Prime; custom_padding=\u00a0\u00bb|||\u00a0\u00bb custom_padding__hover=\u00a0\u00bb|||\u00a0\u00bb][et_pb_row_inner _builder_version=\u00a0\u00bb4.6.6&Prime; _module_preset=\u00a0\u00bbdefault\u00a0\u00bb][et_pb_column_inner saved_specialty_column_type=\u00a0\u00bb2_3&Prime; _builder_version=\u00a0\u00bb4.6.6&Prime; _module_preset=\u00a0\u00bbdefault\u00a0\u00bb][et_pb_blog posts_number=\u00a0\u00bb1&Prime; include_categories=\u00a0\u00bb269&Prime; _builder_version=\u00a0\u00bb4.9.3&Prime; _module_preset=\u00a0\u00bbdefault\u00a0\u00bb][\/et_pb_blog][\/et_pb_column_inner][\/et_pb_row_inner][\/et_pb_column][\/et_pb_section]<\/p>\n","protected":false},"excerpt":{"rendered":"<p>[et_pb_section fb_built=\u00a0\u00bb1&Prime; fullwidth=\u00a0\u00bbon\u00a0\u00bb _builder_version=\u00a0\u00bb3.22.3&Prime;][et_pb_fullwidth_image src=\u00a0\u00bbhttps:\/\/roulopa.com\/wp-content\/uploads\/2020\/05\/bannieres_accueil-1024&#215;489-2.jpg\u00a0\u00bb alt=\u00a0\u00bbbanni\u00e8re accueil\u00a0\u00bb title_text=\u00a0\u00bbbannieres_accueil-1024&#215;489&Prime; _builder_version=\u00a0\u00bb4.4.6&Prime;][\/et_pb_fullwidth_image][\/et_pb_section][et_pb_section fb_built=\u00a0\u00bb1&Prime; _builder_version=\u00a0\u00bb4.6.6&Prime; _module_preset=\u00a0\u00bbdefault\u00a0\u00bb background_color=\u00a0\u00bbrgba(0,0,0,0)\u00a0\u00bb][et_pb_row column_structure=\u00a0\u00bb1_6,1_6,1_6,1_6,1_6,1_6&Prime; _builder_version=\u00a0\u00bb4.6.6&Prime; _module_preset=\u00a0\u00bbdefault\u00a0\u00bb][et_pb_column type=\u00a0\u00bb1_6&Prime; _builder_version=\u00a0\u00bb4.6.6&Prime; _module_preset=\u00a0\u00bbdefault\u00a0\u00bb][et_pb_image src=\u00a0\u00bbhttps:\/\/roulopa.com\/wp-content\/uploads\/2021\/02\/boutique-150&#215;150.png\u00a0\u00bb alt=\u00a0\u00bbmacaron boutique\u00a0\u00bb title_text=\u00a0\u00bbboutique\u00a0\u00bb url=\u00a0\u00bbhttps:\/\/roulopa.com\/index.php\/boutique\/\u00a0\u00bb _builder_version=\u00a0\u00bb4.6.6&Prime; _module_preset=\u00a0\u00bbdefault\u00a0\u00bb custom_margin=\u00a0\u00bb|-1px||||\u00a0\u00bb animation_style=\u00a0\u00bbbounce\u00a0\u00bb][\/et_pb_image][\/et_pb_column][et_pb_column type=\u00a0\u00bb1_6&Prime; _builder_version=\u00a0\u00bb4.6.6&Prime; _module_preset=\u00a0\u00bbdefault\u00a0\u00bb][et_pb_image src=\u00a0\u00bbhttps:\/\/roulopa.com\/wp-content\/uploads\/2021\/02\/blog-1-150&#215;150.png\u00a0\u00bb alt=\u00a0\u00bbblog\u00a0\u00bb title_text=\u00a0\u00bbblog\u00a0\u00bb url=\u00a0\u00bbhttps:\/\/roulopa.com\/index.php\/blog\/\u00a0\u00bb _builder_version=\u00a0\u00bb4.6.6&Prime; _module_preset=\u00a0\u00bbdefault\u00a0\u00bb animation_style=\u00a0\u00bbbounce\u00a0\u00bb][\/et_pb_image][\/et_pb_column][et_pb_column type=\u00a0\u00bb1_6&Prime; _builder_version=\u00a0\u00bb4.6.6&Prime; _module_preset=\u00a0\u00bbdefault\u00a0\u00bb][et_pb_image src=\u00a0\u00bbhttps:\/\/roulopa.com\/wp-content\/uploads\/2021\/02\/nous-150&#215;150.png\u00a0\u00bb alt=\u00a0\u00bbmacaron nous\u00a0\u00bb title_text=\u00a0\u00bbQui sommes nous?\u00a0\u00bb url=\u00a0\u00bbhttps:\/\/roulopa.com\/index.php\/semeurs-de-bonheur\/\u00a0\u00bb _builder_version=\u00a0\u00bb4.6.6&Prime; _module_preset=\u00a0\u00bbdefault\u00a0\u00bb animation_style=\u00a0\u00bbbounce\u00a0\u00bb][\/et_pb_image][\/et_pb_column][et_pb_column type=\u00a0\u00bb1_6&Prime; _builder_version=\u00a0\u00bb4.6.6&Prime; _module_preset=\u00a0\u00bbdefault\u00a0\u00bb][et_pb_image src=\u00a0\u00bbhttps:\/\/roulopa.com\/wp-content\/uploads\/2021\/02\/macaron_logo-150&#215;150.png\u00a0\u00bb [&hellip;]<\/p>\n","protected":false},"author":1,"featured_media":0,"parent":0,"menu_order":0,"comment_status":"closed","ping_status":"open","template":"","meta":{"_et_pb_use_builder":"on","_et_pb_old_content":"","_et_gb_content_width":"","om_disable_all_campaigns":false,"_monsterinsights_skip_tracking":false,"_monsterinsights_sitenote_active":false,"_monsterinsights_sitenote_note":"","_monsterinsights_sitenote_category":0,"jetpack_post_was_ever_published":false,"footnotes":""},"class_list":["post-731","page","type-page","status-publish","hentry"],"yoast_head":"<!-- This site is optimized with the Yoast SEO plugin v27.3 - https:\/\/yoast.com\/product\/yoast-seo-wordpress\/ -->\n<title>Homepage - Roulopa<\/title>\n<meta name=\"robots\" content=\"index, follow, max-snippet:-1, max-image-preview:large, max-video-preview:-1\" \/>\n<link rel=\"canonical\" href=\"https:\/\/roulopa.com\/index.php\/en\/homepage\/\" \/>\n<meta property=\"og:locale\" content=\"fr_FR\" \/>\n<meta property=\"og:type\" content=\"article\" \/>\n<meta property=\"og:title\" content=\"Homepage - Roulopa\" \/>\n<meta property=\"og:description\" content=\"[et_pb_section fb_built=\u00a0\u00bb1&Prime; fullwidth=\u00a0\u00bbon\u00a0\u00bb _builder_version=\u00a0\u00bb3.22.3&Prime;][et_pb_fullwidth_image src=\u00a0\u00bbhttps:\/\/roulopa.com\/wp-content\/uploads\/2020\/05\/bannieres_accueil-1024&#215;489-2.jpg\u00a0\u00bb alt=\u00a0\u00bbbanni\u00e8re accueil\u00a0\u00bb title_text=\u00a0\u00bbbannieres_accueil-1024&#215;489&Prime; _builder_version=\u00a0\u00bb4.4.6&Prime;][\/et_pb_fullwidth_image][\/et_pb_section][et_pb_section fb_built=\u00a0\u00bb1&Prime; _builder_version=\u00a0\u00bb4.6.6&Prime; _module_preset=\u00a0\u00bbdefault\u00a0\u00bb background_color=\u00a0\u00bbrgba(0,0,0,0)\u00a0\u00bb][et_pb_row column_structure=\u00a0\u00bb1_6,1_6,1_6,1_6,1_6,1_6&Prime; _builder_version=\u00a0\u00bb4.6.6&Prime; _module_preset=\u00a0\u00bbdefault\u00a0\u00bb][et_pb_column type=\u00a0\u00bb1_6&Prime; _builder_version=\u00a0\u00bb4.6.6&Prime; _module_preset=\u00a0\u00bbdefault\u00a0\u00bb][et_pb_image src=\u00a0\u00bbhttps:\/\/roulopa.com\/wp-content\/uploads\/2021\/02\/boutique-150&#215;150.png\u00a0\u00bb alt=\u00a0\u00bbmacaron boutique\u00a0\u00bb title_text=\u00a0\u00bbboutique\u00a0\u00bb url=\u00a0\u00bbhttps:\/\/roulopa.com\/index.php\/boutique\/\u00a0\u00bb _builder_version=\u00a0\u00bb4.6.6&Prime; _module_preset=\u00a0\u00bbdefault\u00a0\u00bb custom_margin=\u00a0\u00bb|-1px||||\u00a0\u00bb animation_style=\u00a0\u00bbbounce\u00a0\u00bb][\/et_pb_image][\/et_pb_column][et_pb_column type=\u00a0\u00bb1_6&Prime; _builder_version=\u00a0\u00bb4.6.6&Prime; _module_preset=\u00a0\u00bbdefault\u00a0\u00bb][et_pb_image src=\u00a0\u00bbhttps:\/\/roulopa.com\/wp-content\/uploads\/2021\/02\/blog-1-150&#215;150.png\u00a0\u00bb alt=\u00a0\u00bbblog\u00a0\u00bb title_text=\u00a0\u00bbblog\u00a0\u00bb url=\u00a0\u00bbhttps:\/\/roulopa.com\/index.php\/blog\/\u00a0\u00bb _builder_version=\u00a0\u00bb4.6.6&Prime; _module_preset=\u00a0\u00bbdefault\u00a0\u00bb animation_style=\u00a0\u00bbbounce\u00a0\u00bb][\/et_pb_image][\/et_pb_column][et_pb_column type=\u00a0\u00bb1_6&Prime; _builder_version=\u00a0\u00bb4.6.6&Prime; _module_preset=\u00a0\u00bbdefault\u00a0\u00bb][et_pb_image src=\u00a0\u00bbhttps:\/\/roulopa.com\/wp-content\/uploads\/2021\/02\/nous-150&#215;150.png\u00a0\u00bb alt=\u00a0\u00bbmacaron nous\u00a0\u00bb title_text=\u00a0\u00bbQui sommes nous?\u00a0\u00bb url=\u00a0\u00bbhttps:\/\/roulopa.com\/index.php\/semeurs-de-bonheur\/\u00a0\u00bb _builder_version=\u00a0\u00bb4.6.6&Prime; _module_preset=\u00a0\u00bbdefault\u00a0\u00bb animation_style=\u00a0\u00bbbounce\u00a0\u00bb][\/et_pb_image][\/et_pb_column][et_pb_column type=\u00a0\u00bb1_6&Prime; _builder_version=\u00a0\u00bb4.6.6&Prime; _module_preset=\u00a0\u00bbdefault\u00a0\u00bb][et_pb_image src=\u00a0\u00bbhttps:\/\/roulopa.com\/wp-content\/uploads\/2021\/02\/macaron_logo-150&#215;150.png\u00a0\u00bb [&hellip;]\" \/>\n<meta property=\"og:url\" content=\"https:\/\/roulopa.com\/index.php\/en\/homepage\/\" \/>\n<meta property=\"og:site_name\" content=\"Roulopa\" \/>\n<meta property=\"article:publisher\" content=\"https:\/\/www.facebook.com\/roulopa\/\" \/>\n<meta property=\"article:modified_time\" content=\"2025-05-07T14:02:26+00:00\" \/>\n<meta name=\"twitter:card\" content=\"summary_large_image\" \/>\n<meta name=\"twitter:label1\" content=\"Dur\u00e9e de lecture estim\u00e9e\" \/>\n\t<meta name=\"twitter:data1\" content=\"3 minutes\" \/>\n<script type=\"application\/ld+json\" class=\"yoast-schema-graph\">{\"@context\":\"https:\\\/\\\/schema.org\",\"@graph\":[{\"@type\":\"WebPage\",\"@id\":\"https:\\\/\\\/roulopa.com\\\/index.php\\\/en\\\/homepage\\\/\",\"url\":\"https:\\\/\\\/roulopa.com\\\/index.php\\\/en\\\/homepage\\\/\",\"name\":\"Homepage - Roulopa\",\"isPartOf\":{\"@id\":\"https:\\\/\\\/roulopa.com\\\/#website\"},\"datePublished\":\"2018-02-19T16:37:39+00:00\",\"dateModified\":\"2025-05-07T14:02:26+00:00\",\"breadcrumb\":{\"@id\":\"https:\\\/\\\/roulopa.com\\\/index.php\\\/en\\\/homepage\\\/#breadcrumb\"},\"inLanguage\":\"fr-FR\",\"potentialAction\":[{\"@type\":\"ReadAction\",\"target\":[\"https:\\\/\\\/roulopa.com\\\/index.php\\\/en\\\/homepage\\\/\"]}]},{\"@type\":\"BreadcrumbList\",\"@id\":\"https:\\\/\\\/roulopa.com\\\/index.php\\\/en\\\/homepage\\\/#breadcrumb\",\"itemListElement\":[{\"@type\":\"ListItem\",\"position\":1,\"name\":\"Accueil\",\"item\":\"https:\\\/\\\/roulopa.com\\\/\"},{\"@type\":\"ListItem\",\"position\":2,\"name\":\"Homepage\"}]},{\"@type\":\"WebSite\",\"@id\":\"https:\\\/\\\/roulopa.com\\\/#website\",\"url\":\"https:\\\/\\\/roulopa.com\\\/\",\"name\":\"Roulopa\",\"description\":\"exp\u00e9dition en Roulotte \u00e0 cheval : animations, g\u00eete, accueils scolaires, attelage\",\"publisher\":{\"@id\":\"https:\\\/\\\/roulopa.com\\\/#organization\"},\"potentialAction\":[{\"@type\":\"SearchAction\",\"target\":{\"@type\":\"EntryPoint\",\"urlTemplate\":\"https:\\\/\\\/roulopa.com\\\/?s={search_term_string}\"},\"query-input\":{\"@type\":\"PropertyValueSpecification\",\"valueRequired\":true,\"valueName\":\"search_term_string\"}}],\"inLanguage\":\"fr-FR\"},{\"@type\":\"Organization\",\"@id\":\"https:\\\/\\\/roulopa.com\\\/#organization\",\"name\":\"roulopa\",\"url\":\"https:\\\/\\\/roulopa.com\\\/\",\"logo\":{\"@type\":\"ImageObject\",\"inLanguage\":\"fr-FR\",\"@id\":\"https:\\\/\\\/roulopa.com\\\/#\\\/schema\\\/logo\\\/image\\\/\",\"url\":\"https:\\\/\\\/i2.wp.com\\\/roulopa.com\\\/wp-content\\\/uploads\\\/2017\\\/12\\\/roulopa_final.jpg?fit=2048%2C1011&ssl=1\",\"contentUrl\":\"https:\\\/\\\/i2.wp.com\\\/roulopa.com\\\/wp-content\\\/uploads\\\/2017\\\/12\\\/roulopa_final.jpg?fit=2048%2C1011&ssl=1\",\"width\":2048,\"height\":1011,\"caption\":\"roulopa\"},\"image\":{\"@id\":\"https:\\\/\\\/roulopa.com\\\/#\\\/schema\\\/logo\\\/image\\\/\"},\"sameAs\":[\"https:\\\/\\\/www.facebook.com\\\/roulopa\\\/\",\"https:\\\/\\\/www.instagram.com\\\/roulopa\\\/\",\"https:\\\/\\\/www.pinterest.fr\\\/roulopa\\\/\",\"https:\\\/\\\/www.youtube.com\\\/channel\\\/UC5BRVVWv8QY35HjOtAPaROA\\\/featured\"]}]}<\/script>\n<!-- \/ Yoast SEO plugin. -->","yoast_head_json":{"title":"Homepage - Roulopa","robots":{"index":"index","follow":"follow","max-snippet":"max-snippet:-1","max-image-preview":"max-image-preview:large","max-video-preview":"max-video-preview:-1"},"canonical":"https:\/\/roulopa.com\/index.php\/en\/homepage\/","og_locale":"fr_FR","og_type":"article","og_title":"Homepage - Roulopa","og_description":"[et_pb_section fb_built=\u00a0\u00bb1&Prime; fullwidth=\u00a0\u00bbon\u00a0\u00bb _builder_version=\u00a0\u00bb3.22.3&Prime;][et_pb_fullwidth_image src=\u00a0\u00bbhttps:\/\/roulopa.com\/wp-content\/uploads\/2020\/05\/bannieres_accueil-1024&#215;489-2.jpg\u00a0\u00bb alt=\u00a0\u00bbbanni\u00e8re accueil\u00a0\u00bb title_text=\u00a0\u00bbbannieres_accueil-1024&#215;489&Prime; _builder_version=\u00a0\u00bb4.4.6&Prime;][\/et_pb_fullwidth_image][\/et_pb_section][et_pb_section fb_built=\u00a0\u00bb1&Prime; _builder_version=\u00a0\u00bb4.6.6&Prime; _module_preset=\u00a0\u00bbdefault\u00a0\u00bb background_color=\u00a0\u00bbrgba(0,0,0,0)\u00a0\u00bb][et_pb_row column_structure=\u00a0\u00bb1_6,1_6,1_6,1_6,1_6,1_6&Prime; _builder_version=\u00a0\u00bb4.6.6&Prime; _module_preset=\u00a0\u00bbdefault\u00a0\u00bb][et_pb_column type=\u00a0\u00bb1_6&Prime; _builder_version=\u00a0\u00bb4.6.6&Prime; _module_preset=\u00a0\u00bbdefault\u00a0\u00bb][et_pb_image src=\u00a0\u00bbhttps:\/\/roulopa.com\/wp-content\/uploads\/2021\/02\/boutique-150&#215;150.png\u00a0\u00bb alt=\u00a0\u00bbmacaron boutique\u00a0\u00bb title_text=\u00a0\u00bbboutique\u00a0\u00bb url=\u00a0\u00bbhttps:\/\/roulopa.com\/index.php\/boutique\/\u00a0\u00bb _builder_version=\u00a0\u00bb4.6.6&Prime; _module_preset=\u00a0\u00bbdefault\u00a0\u00bb custom_margin=\u00a0\u00bb|-1px||||\u00a0\u00bb animation_style=\u00a0\u00bbbounce\u00a0\u00bb][\/et_pb_image][\/et_pb_column][et_pb_column type=\u00a0\u00bb1_6&Prime; _builder_version=\u00a0\u00bb4.6.6&Prime; _module_preset=\u00a0\u00bbdefault\u00a0\u00bb][et_pb_image src=\u00a0\u00bbhttps:\/\/roulopa.com\/wp-content\/uploads\/2021\/02\/blog-1-150&#215;150.png\u00a0\u00bb alt=\u00a0\u00bbblog\u00a0\u00bb title_text=\u00a0\u00bbblog\u00a0\u00bb url=\u00a0\u00bbhttps:\/\/roulopa.com\/index.php\/blog\/\u00a0\u00bb _builder_version=\u00a0\u00bb4.6.6&Prime; _module_preset=\u00a0\u00bbdefault\u00a0\u00bb animation_style=\u00a0\u00bbbounce\u00a0\u00bb][\/et_pb_image][\/et_pb_column][et_pb_column type=\u00a0\u00bb1_6&Prime; _builder_version=\u00a0\u00bb4.6.6&Prime; _module_preset=\u00a0\u00bbdefault\u00a0\u00bb][et_pb_image src=\u00a0\u00bbhttps:\/\/roulopa.com\/wp-content\/uploads\/2021\/02\/nous-150&#215;150.png\u00a0\u00bb alt=\u00a0\u00bbmacaron nous\u00a0\u00bb title_text=\u00a0\u00bbQui sommes nous?\u00a0\u00bb url=\u00a0\u00bbhttps:\/\/roulopa.com\/index.php\/semeurs-de-bonheur\/\u00a0\u00bb _builder_version=\u00a0\u00bb4.6.6&Prime; _module_preset=\u00a0\u00bbdefault\u00a0\u00bb animation_style=\u00a0\u00bbbounce\u00a0\u00bb][\/et_pb_image][\/et_pb_column][et_pb_column type=\u00a0\u00bb1_6&Prime; _builder_version=\u00a0\u00bb4.6.6&Prime; _module_preset=\u00a0\u00bbdefault\u00a0\u00bb][et_pb_image src=\u00a0\u00bbhttps:\/\/roulopa.com\/wp-content\/uploads\/2021\/02\/macaron_logo-150&#215;150.png\u00a0\u00bb [&hellip;]","og_url":"https:\/\/roulopa.com\/index.php\/en\/homepage\/","og_site_name":"Roulopa","article_publisher":"https:\/\/www.facebook.com\/roulopa\/","article_modified_time":"2025-05-07T14:02:26+00:00","twitter_card":"summary_large_image","twitter_misc":{"Dur\u00e9e de lecture estim\u00e9e":"3 minutes"},"schema":{"@context":"https:\/\/schema.org","@graph":[{"@type":"WebPage","@id":"https:\/\/roulopa.com\/index.php\/en\/homepage\/","url":"https:\/\/roulopa.com\/index.php\/en\/homepage\/","name":"Homepage - Roulopa","isPartOf":{"@id":"https:\/\/roulopa.com\/#website"},"datePublished":"2018-02-19T16:37:39+00:00","dateModified":"2025-05-07T14:02:26+00:00","breadcrumb":{"@id":"https:\/\/roulopa.com\/index.php\/en\/homepage\/#breadcrumb"},"inLanguage":"fr-FR","potentialAction":[{"@type":"ReadAction","target":["https:\/\/roulopa.com\/index.php\/en\/homepage\/"]}]},{"@type":"BreadcrumbList","@id":"https:\/\/roulopa.com\/index.php\/en\/homepage\/#breadcrumb","itemListElement":[{"@type":"ListItem","position":1,"name":"Accueil","item":"https:\/\/roulopa.com\/"},{"@type":"ListItem","position":2,"name":"Homepage"}]},{"@type":"WebSite","@id":"https:\/\/roulopa.com\/#website","url":"https:\/\/roulopa.com\/","name":"Roulopa","description":"exp\u00e9dition en Roulotte \u00e0 cheval : animations, g\u00eete, accueils scolaires, attelage","publisher":{"@id":"https:\/\/roulopa.com\/#organization"},"potentialAction":[{"@type":"SearchAction","target":{"@type":"EntryPoint","urlTemplate":"https:\/\/roulopa.com\/?s={search_term_string}"},"query-input":{"@type":"PropertyValueSpecification","valueRequired":true,"valueName":"search_term_string"}}],"inLanguage":"fr-FR"},{"@type":"Organization","@id":"https:\/\/roulopa.com\/#organization","name":"roulopa","url":"https:\/\/roulopa.com\/","logo":{"@type":"ImageObject","inLanguage":"fr-FR","@id":"https:\/\/roulopa.com\/#\/schema\/logo\/image\/","url":"https:\/\/i2.wp.com\/roulopa.com\/wp-content\/uploads\/2017\/12\/roulopa_final.jpg?fit=2048%2C1011&ssl=1","contentUrl":"https:\/\/i2.wp.com\/roulopa.com\/wp-content\/uploads\/2017\/12\/roulopa_final.jpg?fit=2048%2C1011&ssl=1","width":2048,"height":1011,"caption":"roulopa"},"image":{"@id":"https:\/\/roulopa.com\/#\/schema\/logo\/image\/"},"sameAs":["https:\/\/www.facebook.com\/roulopa\/","https:\/\/www.instagram.com\/roulopa\/","https:\/\/www.pinterest.fr\/roulopa\/","https:\/\/www.youtube.com\/channel\/UC5BRVVWv8QY35HjOtAPaROA\/featured"]}]}},"jetpack_sharing_enabled":true,"_links":{"self":[{"href":"https:\/\/roulopa.com\/index.php\/wp-json\/wp\/v2\/pages\/731","targetHints":{"allow":["GET"]}}],"collection":[{"href":"https:\/\/roulopa.com\/index.php\/wp-json\/wp\/v2\/pages"}],"about":[{"href":"https:\/\/roulopa.com\/index.php\/wp-json\/wp\/v2\/types\/page"}],"author":[{"embeddable":true,"href":"https:\/\/roulopa.com\/index.php\/wp-json\/wp\/v2\/users\/1"}],"replies":[{"embeddable":true,"href":"https:\/\/roulopa.com\/index.php\/wp-json\/wp\/v2\/comments?post=731"}],"version-history":[{"count":13,"href":"https:\/\/roulopa.com\/index.php\/wp-json\/wp\/v2\/pages\/731\/revisions"}],"predecessor-version":[{"id":3893,"href":"https:\/\/roulopa.com\/index.php\/wp-json\/wp\/v2\/pages\/731\/revisions\/3893"}],"wp:attachment":[{"href":"https:\/\/roulopa.com\/index.php\/wp-json\/wp\/v2\/media?parent=731"}],"curies":[{"name":"wp","href":"https:\/\/api.w.org\/{rel}","templated":true}]}}