{"id":2552,"date":"2020-12-02T18:51:31","date_gmt":"2020-12-02T17:51:31","guid":{"rendered":"http:\/\/roulopa.com\/?post_type=product&#038;p=2552"},"modified":"2025-05-19T21:01:28","modified_gmt":"2025-05-19T19:01:28","slug":"balade-en-caleche","status":"publish","type":"product","link":"https:\/\/roulopa.com\/index.php\/produit\/balade-en-caleche\/","title":{"rendered":"Balade en cal\u00e8che"},"content":{"rendered":"<p>Nous vous proposons une promenade en cal\u00e8che b\u00e2ch\u00e9e ou d\u00e9couverte (protection contre le soleil ou la pluie), dans les environs imm\u00e9diats de notre campement (Glomel 22 en 2025)<\/p>\n<p>Pour 3 \u00e0 12 personnes maximum<br \/>\nAccueil pendant la pr\u00e9paration des chevaux (30 min mini)<br \/>\nExplication sur la traction animale<br \/>\nPromenade en cal\u00e8che de 45 minutes minimum<br \/>\nPr\u00e9voir 2 heures au total.<br \/>\nPrix par personne et de l&rsquo;heure<br \/>\n15\u20ac adultes \/ 10\u20ac enfants de moins de 6 ans<\/p>\n<p>Prestations plus longues en temps ou priv\u00e9es (mariage, bapt\u00eame etc) sur devis.<\/p>\n","protected":false},"excerpt":{"rendered":"<p>Environs imm\u00e9diats de notre campement (Glomel 22 en 2025)<\/p>\n<p>Pour 3 \u00e0 12 personnes maximum<\/p>\n<p>Prix par personne et de l&rsquo;heure<br \/>\n15\u20ac adultes \/ 10\u20ac enfants de moins de 6 ans<\/p>\n<p>Prestations plus longues en temps ou priv\u00e9es (mariage, bapt\u00eame etc) sur devis.<\/p>\n","protected":false},"featured_media":2554,"comment_status":"open","ping_status":"closed","template":"","meta":{"_et_pb_use_builder":"on","_et_pb_old_content":"Nous vous proposons une promenade en cal\u00e8che b\u00e2ch\u00e9e ou d\u00e9couverte (protection contre le soleil ou la pluie), dans les environs imm\u00e9diats de notre campement (Glomel 22 en 2025)\r\n\r\nPour 3 \u00e0 12 personnes maximum\r\nAccueil pendant la pr\u00e9paration des chevaux (30 min mini)\r\nExplication sur la traction animale\r\nPromenade en cal\u00e8che de 45 minutes minimum\r\nPr\u00e9voir 2 heures au total.\r\nPrix par personne et de l'heure\r\n15\u20ac adultes \/ 10\u20ac enfants de moins de 6 ans\r\n\r\nPrestations plus longues en temps ou priv\u00e9es (mariage, bapt\u00eame etc) sur devis.","_et_gb_content_width":"","om_disable_all_campaigns":false,"_monsterinsights_skip_tracking":false,"_monsterinsights_sitenote_active":false,"_monsterinsights_sitenote_note":"","_monsterinsights_sitenote_category":0,"jetpack_post_was_ever_published":false,"jetpack_publicize_message":"Balade en cal\u00e8che","jetpack_publicize_feature_enabled":true,"jetpack_social_post_already_shared":true,"jetpack_social_options":{"image_generator_settings":{"template":"highway","default_image_id":0,"font":"","enabled":false},"version":2}},"product_brand":[],"product_cat":[506,496],"product_tag":[],"class_list":{"0":"post-2552","1":"product","2":"type-product","3":"status-publish","4":"has-post-thumbnail","6":"product_cat-prestations","7":"product_cat-produits","9":"first","10":"instock","11":"virtual","12":"purchasable","13":"product-type-simple"},"yoast_head":"<!-- This site is optimized with the Yoast SEO plugin v27.4 - https:\/\/yoast.com\/product\/yoast-seo-wordpress\/ -->\n<title>Balade en cal\u00e8che - Roulopa<\/title>\n<meta name=\"description\" content=\"Balade en cal\u00e8ches 3 \u00e0 12 places, 1h minimum, au rythme du pas de nos chevaux de trait. Au d\u00e9part du campement du convoi ROULOPA, d\u00e9couvrez votre commune sous un autre angle. Renouez avec la lenteur et appr\u00e9ciez le paysage.\" \/>\n<meta name=\"robots\" content=\"index, follow, max-snippet:-1, max-image-preview:large, max-video-preview:-1\" \/>\n<link rel=\"canonical\" href=\"https:\/\/roulopa.com\/index.php\/produit\/balade-en-caleche\/\" \/>\n<meta property=\"og:locale\" content=\"fr_FR\" \/>\n<meta property=\"og:type\" content=\"article\" \/>\n<meta property=\"og:title\" content=\"Balade en cal\u00e8che - Roulopa\" \/>\n<meta property=\"og:description\" content=\"Balade en cal\u00e8ches 3 \u00e0 12 places, 1h minimum, au rythme du pas de nos chevaux de trait. Au d\u00e9part du campement du convoi ROULOPA, d\u00e9couvrez votre commune sous un autre angle. Renouez avec la lenteur et appr\u00e9ciez le paysage.\" \/>\n<meta property=\"og:url\" content=\"https:\/\/roulopa.com\/index.php\/produit\/balade-en-caleche\/\" \/>\n<meta property=\"og:site_name\" content=\"Roulopa\" \/>\n<meta property=\"article:publisher\" content=\"https:\/\/www.facebook.com\/roulopa\/\" \/>\n<meta property=\"article:modified_time\" content=\"2025-05-19T19:01:28+00:00\" \/>\n<meta property=\"og:image\" content=\"https:\/\/roulopa.com\/wp-content\/uploads\/2020\/12\/20191005_191646-1-scaled.jpg\" \/>\n\t<meta property=\"og:image:width\" content=\"1445\" \/>\n\t<meta property=\"og:image:height\" content=\"2560\" \/>\n\t<meta property=\"og:image:type\" content=\"image\/jpeg\" \/>\n<meta name=\"twitter:card\" content=\"summary_large_image\" \/>\n<meta name=\"twitter:label1\" content=\"Dur\u00e9e de lecture estim\u00e9e\" \/>\n\t<meta name=\"twitter:data1\" content=\"1 minute\" \/>\n<script type=\"application\/ld+json\" class=\"yoast-schema-graph\">{\"@context\":\"https:\\\/\\\/schema.org\",\"@graph\":[{\"@type\":\"WebPage\",\"@id\":\"https:\\\/\\\/roulopa.com\\\/index.php\\\/produit\\\/balade-en-caleche\\\/\",\"url\":\"https:\\\/\\\/roulopa.com\\\/index.php\\\/produit\\\/balade-en-caleche\\\/\",\"name\":\"Balade en cal\u00e8che - Roulopa\",\"isPartOf\":{\"@id\":\"https:\\\/\\\/roulopa.com\\\/#website\"},\"primaryImageOfPage\":{\"@id\":\"https:\\\/\\\/roulopa.com\\\/index.php\\\/produit\\\/balade-en-caleche\\\/#primaryimage\"},\"image\":{\"@id\":\"https:\\\/\\\/roulopa.com\\\/index.php\\\/produit\\\/balade-en-caleche\\\/#primaryimage\"},\"thumbnailUrl\":\"https:\\\/\\\/i0.wp.com\\\/roulopa.com\\\/wp-content\\\/uploads\\\/2020\\\/12\\\/20191005_191646-1-scaled.jpg?fit=1445%2C2560&ssl=1\",\"datePublished\":\"2020-12-02T17:51:31+00:00\",\"dateModified\":\"2025-05-19T19:01:28+00:00\",\"description\":\"Balade en cal\u00e8ches 3 \u00e0 12 places, 1h minimum, au rythme du pas de nos chevaux de trait. Au d\u00e9part du campement du convoi ROULOPA, d\u00e9couvrez votre commune sous un autre angle. Renouez avec la lenteur et appr\u00e9ciez le paysage.\",\"breadcrumb\":{\"@id\":\"https:\\\/\\\/roulopa.com\\\/index.php\\\/produit\\\/balade-en-caleche\\\/#breadcrumb\"},\"inLanguage\":\"fr-FR\",\"potentialAction\":[{\"@type\":\"ReadAction\",\"target\":[\"https:\\\/\\\/roulopa.com\\\/index.php\\\/produit\\\/balade-en-caleche\\\/\"]}]},{\"@type\":\"ImageObject\",\"inLanguage\":\"fr-FR\",\"@id\":\"https:\\\/\\\/roulopa.com\\\/index.php\\\/produit\\\/balade-en-caleche\\\/#primaryimage\",\"url\":\"https:\\\/\\\/i0.wp.com\\\/roulopa.com\\\/wp-content\\\/uploads\\\/2020\\\/12\\\/20191005_191646-1-scaled.jpg?fit=1445%2C2560&ssl=1\",\"contentUrl\":\"https:\\\/\\\/i0.wp.com\\\/roulopa.com\\\/wp-content\\\/uploads\\\/2020\\\/12\\\/20191005_191646-1-scaled.jpg?fit=1445%2C2560&ssl=1\",\"width\":1445,\"height\":2560,\"caption\":\"pour 6 adultes ou 8 enfants\"},{\"@type\":\"BreadcrumbList\",\"@id\":\"https:\\\/\\\/roulopa.com\\\/index.php\\\/produit\\\/balade-en-caleche\\\/#breadcrumb\",\"itemListElement\":[{\"@type\":\"ListItem\",\"position\":1,\"name\":\"Accueil\",\"item\":\"https:\\\/\\\/roulopa.com\\\/\"},{\"@type\":\"ListItem\",\"position\":2,\"name\":\"Boutique\",\"item\":\"https:\\\/\\\/roulopa.com\\\/index.php\\\/boutique\\\/\"},{\"@type\":\"ListItem\",\"position\":3,\"name\":\"Balade en cal\u00e8che\"}]},{\"@type\":\"WebSite\",\"@id\":\"https:\\\/\\\/roulopa.com\\\/#website\",\"url\":\"https:\\\/\\\/roulopa.com\\\/\",\"name\":\"Roulopa\",\"description\":\"exp\u00e9dition en Roulotte \u00e0 cheval : animations, g\u00eete, accueils scolaires, attelage\",\"publisher\":{\"@id\":\"https:\\\/\\\/roulopa.com\\\/#organization\"},\"potentialAction\":[{\"@type\":\"SearchAction\",\"target\":{\"@type\":\"EntryPoint\",\"urlTemplate\":\"https:\\\/\\\/roulopa.com\\\/?s={search_term_string}\"},\"query-input\":{\"@type\":\"PropertyValueSpecification\",\"valueRequired\":true,\"valueName\":\"search_term_string\"}}],\"inLanguage\":\"fr-FR\"},{\"@type\":\"Organization\",\"@id\":\"https:\\\/\\\/roulopa.com\\\/#organization\",\"name\":\"roulopa\",\"url\":\"https:\\\/\\\/roulopa.com\\\/\",\"logo\":{\"@type\":\"ImageObject\",\"inLanguage\":\"fr-FR\",\"@id\":\"https:\\\/\\\/roulopa.com\\\/#\\\/schema\\\/logo\\\/image\\\/\",\"url\":\"https:\\\/\\\/i2.wp.com\\\/roulopa.com\\\/wp-content\\\/uploads\\\/2017\\\/12\\\/roulopa_final.jpg?fit=2048%2C1011&ssl=1\",\"contentUrl\":\"https:\\\/\\\/i2.wp.com\\\/roulopa.com\\\/wp-content\\\/uploads\\\/2017\\\/12\\\/roulopa_final.jpg?fit=2048%2C1011&ssl=1\",\"width\":2048,\"height\":1011,\"caption\":\"roulopa\"},\"image\":{\"@id\":\"https:\\\/\\\/roulopa.com\\\/#\\\/schema\\\/logo\\\/image\\\/\"},\"sameAs\":[\"https:\\\/\\\/www.facebook.com\\\/roulopa\\\/\",\"https:\\\/\\\/www.instagram.com\\\/roulopa\\\/\",\"https:\\\/\\\/www.pinterest.fr\\\/roulopa\\\/\",\"https:\\\/\\\/www.youtube.com\\\/channel\\\/UC5BRVVWv8QY35HjOtAPaROA\\\/featured\"]}]}<\/script>\n<!-- \/ Yoast SEO plugin. -->","yoast_head_json":{"title":"Balade en cal\u00e8che - Roulopa","description":"Balade en cal\u00e8ches 3 \u00e0 12 places, 1h minimum, au rythme du pas de nos chevaux de trait. Au d\u00e9part du campement du convoi ROULOPA, d\u00e9couvrez votre commune sous un autre angle. Renouez avec la lenteur et appr\u00e9ciez le paysage.","robots":{"index":"index","follow":"follow","max-snippet":"max-snippet:-1","max-image-preview":"max-image-preview:large","max-video-preview":"max-video-preview:-1"},"canonical":"https:\/\/roulopa.com\/index.php\/produit\/balade-en-caleche\/","og_locale":"fr_FR","og_type":"article","og_title":"Balade en cal\u00e8che - Roulopa","og_description":"Balade en cal\u00e8ches 3 \u00e0 12 places, 1h minimum, au rythme du pas de nos chevaux de trait. Au d\u00e9part du campement du convoi ROULOPA, d\u00e9couvrez votre commune sous un autre angle. Renouez avec la lenteur et appr\u00e9ciez le paysage.","og_url":"https:\/\/roulopa.com\/index.php\/produit\/balade-en-caleche\/","og_site_name":"Roulopa","article_publisher":"https:\/\/www.facebook.com\/roulopa\/","article_modified_time":"2025-05-19T19:01:28+00:00","og_image":[{"width":1445,"height":2560,"url":"https:\/\/roulopa.com\/wp-content\/uploads\/2020\/12\/20191005_191646-1-scaled.jpg","type":"image\/jpeg"}],"twitter_card":"summary_large_image","twitter_misc":{"Dur\u00e9e de lecture estim\u00e9e":"1 minute"},"schema":{"@context":"https:\/\/schema.org","@graph":[{"@type":"WebPage","@id":"https:\/\/roulopa.com\/index.php\/produit\/balade-en-caleche\/","url":"https:\/\/roulopa.com\/index.php\/produit\/balade-en-caleche\/","name":"Balade en cal\u00e8che - Roulopa","isPartOf":{"@id":"https:\/\/roulopa.com\/#website"},"primaryImageOfPage":{"@id":"https:\/\/roulopa.com\/index.php\/produit\/balade-en-caleche\/#primaryimage"},"image":{"@id":"https:\/\/roulopa.com\/index.php\/produit\/balade-en-caleche\/#primaryimage"},"thumbnailUrl":"https:\/\/i0.wp.com\/roulopa.com\/wp-content\/uploads\/2020\/12\/20191005_191646-1-scaled.jpg?fit=1445%2C2560&ssl=1","datePublished":"2020-12-02T17:51:31+00:00","dateModified":"2025-05-19T19:01:28+00:00","description":"Balade en cal\u00e8ches 3 \u00e0 12 places, 1h minimum, au rythme du pas de nos chevaux de trait. Au d\u00e9part du campement du convoi ROULOPA, d\u00e9couvrez votre commune sous un autre angle. Renouez avec la lenteur et appr\u00e9ciez le paysage.","breadcrumb":{"@id":"https:\/\/roulopa.com\/index.php\/produit\/balade-en-caleche\/#breadcrumb"},"inLanguage":"fr-FR","potentialAction":[{"@type":"ReadAction","target":["https:\/\/roulopa.com\/index.php\/produit\/balade-en-caleche\/"]}]},{"@type":"ImageObject","inLanguage":"fr-FR","@id":"https:\/\/roulopa.com\/index.php\/produit\/balade-en-caleche\/#primaryimage","url":"https:\/\/i0.wp.com\/roulopa.com\/wp-content\/uploads\/2020\/12\/20191005_191646-1-scaled.jpg?fit=1445%2C2560&ssl=1","contentUrl":"https:\/\/i0.wp.com\/roulopa.com\/wp-content\/uploads\/2020\/12\/20191005_191646-1-scaled.jpg?fit=1445%2C2560&ssl=1","width":1445,"height":2560,"caption":"pour 6 adultes ou 8 enfants"},{"@type":"BreadcrumbList","@id":"https:\/\/roulopa.com\/index.php\/produit\/balade-en-caleche\/#breadcrumb","itemListElement":[{"@type":"ListItem","position":1,"name":"Accueil","item":"https:\/\/roulopa.com\/"},{"@type":"ListItem","position":2,"name":"Boutique","item":"https:\/\/roulopa.com\/index.php\/boutique\/"},{"@type":"ListItem","position":3,"name":"Balade en cal\u00e8che"}]},{"@type":"WebSite","@id":"https:\/\/roulopa.com\/#website","url":"https:\/\/roulopa.com\/","name":"Roulopa","description":"exp\u00e9dition en Roulotte \u00e0 cheval : animations, g\u00eete, accueils scolaires, attelage","publisher":{"@id":"https:\/\/roulopa.com\/#organization"},"potentialAction":[{"@type":"SearchAction","target":{"@type":"EntryPoint","urlTemplate":"https:\/\/roulopa.com\/?s={search_term_string}"},"query-input":{"@type":"PropertyValueSpecification","valueRequired":true,"valueName":"search_term_string"}}],"inLanguage":"fr-FR"},{"@type":"Organization","@id":"https:\/\/roulopa.com\/#organization","name":"roulopa","url":"https:\/\/roulopa.com\/","logo":{"@type":"ImageObject","inLanguage":"fr-FR","@id":"https:\/\/roulopa.com\/#\/schema\/logo\/image\/","url":"https:\/\/i2.wp.com\/roulopa.com\/wp-content\/uploads\/2017\/12\/roulopa_final.jpg?fit=2048%2C1011&ssl=1","contentUrl":"https:\/\/i2.wp.com\/roulopa.com\/wp-content\/uploads\/2017\/12\/roulopa_final.jpg?fit=2048%2C1011&ssl=1","width":2048,"height":1011,"caption":"roulopa"},"image":{"@id":"https:\/\/roulopa.com\/#\/schema\/logo\/image\/"},"sameAs":["https:\/\/www.facebook.com\/roulopa\/","https:\/\/www.instagram.com\/roulopa\/","https:\/\/www.pinterest.fr\/roulopa\/","https:\/\/www.youtube.com\/channel\/UC5BRVVWv8QY35HjOtAPaROA\/featured"]}]}},"jetpack_publicize_connections":[],"jetpack_sharing_enabled":true,"_links":{"self":[{"href":"https:\/\/roulopa.com\/index.php\/wp-json\/wp\/v2\/product\/2552","targetHints":{"allow":["GET"]}}],"collection":[{"href":"https:\/\/roulopa.com\/index.php\/wp-json\/wp\/v2\/product"}],"about":[{"href":"https:\/\/roulopa.com\/index.php\/wp-json\/wp\/v2\/types\/product"}],"replies":[{"embeddable":true,"href":"https:\/\/roulopa.com\/index.php\/wp-json\/wp\/v2\/comments?post=2552"}],"wp:featuredmedia":[{"embeddable":true,"href":"https:\/\/roulopa.com\/index.php\/wp-json\/wp\/v2\/media\/2554"}],"wp:attachment":[{"href":"https:\/\/roulopa.com\/index.php\/wp-json\/wp\/v2\/media?parent=2552"}],"wp:term":[{"taxonomy":"product_brand","embeddable":true,"href":"https:\/\/roulopa.com\/index.php\/wp-json\/wp\/v2\/product_brand?post=2552"},{"taxonomy":"product_cat","embeddable":true,"href":"https:\/\/roulopa.com\/index.php\/wp-json\/wp\/v2\/product_cat?post=2552"},{"taxonomy":"product_tag","embeddable":true,"href":"https:\/\/roulopa.com\/index.php\/wp-json\/wp\/v2\/product_tag?post=2552"}],"curies":[{"name":"wp","href":"https:\/\/api.w.org\/{rel}","templated":true}]}}