{"id":2557,"date":"2020-12-02T20:13:28","date_gmt":"2020-12-02T19:13:28","guid":{"rendered":"http:\/\/roulopa.com\/?post_type=product&#038;p=2557"},"modified":"2025-11-08T00:10:03","modified_gmt":"2025-11-07T23:10:03","slug":"timbre-roulopa","status":"publish","type":"product","link":"https:\/\/roulopa.com\/index.php\/produit\/timbre-roulopa\/","title":{"rendered":"timbre ROULOPA"},"content":{"rendered":"<p>timbre officiel pour 20g en lettre verte<br \/>\nen option avec une carte postale uniquement<\/p>\n","protected":false},"excerpt":{"rendered":"<p>timbre officiel pour 20g en lettre verte en option avec une carte postale uniquement<\/p>\n","protected":false},"featured_media":2593,"comment_status":"open","ping_status":"closed","template":"","meta":{"_et_pb_use_builder":"","_et_pb_old_content":"","_et_gb_content_width":"","om_disable_all_campaigns":false,"_monsterinsights_skip_tracking":false,"_monsterinsights_sitenote_active":false,"_monsterinsights_sitenote_note":"","_monsterinsights_sitenote_category":0,"jetpack_post_was_ever_published":false,"jetpack_publicize_message":"timbre ROULOPA","jetpack_publicize_feature_enabled":true,"jetpack_social_post_already_shared":true,"jetpack_social_options":{"image_generator_settings":{"template":"highway","default_image_id":0,"font":"","enabled":false},"version":2}},"product_brand":[],"product_cat":[494,496],"product_tag":[504,507],"class_list":{"0":"post-2557","1":"product","2":"type-product","3":"status-publish","4":"has-post-thumbnail","6":"product_cat-carte-postale","7":"product_cat-produits","8":"product_tag-carte-postale","9":"product_tag-timbre","11":"first","12":"instock","13":"shipping-taxable","14":"purchasable","15":"product-type-simple"},"yoast_head":"<!-- This site is optimized with the Yoast SEO plugin v27.3 - https:\/\/yoast.com\/product\/yoast-seo-wordpress\/ -->\n<title>timbre ROULOPA - Roulopa<\/title>\n<meta name=\"robots\" content=\"index, follow, max-snippet:-1, max-image-preview:large, max-video-preview:-1\" \/>\n<link rel=\"canonical\" href=\"https:\/\/roulopa.com\/index.php\/produit\/timbre-roulopa\/\" \/>\n<meta property=\"og:locale\" content=\"fr_FR\" \/>\n<meta property=\"og:type\" content=\"article\" \/>\n<meta property=\"og:title\" content=\"timbre ROULOPA - Roulopa\" \/>\n<meta property=\"og:description\" content=\"timbre officiel pour 20g en lettre verte en option avec une carte postale uniquement\" \/>\n<meta property=\"og:url\" content=\"https:\/\/roulopa.com\/index.php\/produit\/timbre-roulopa\/\" \/>\n<meta property=\"og:site_name\" content=\"Roulopa\" \/>\n<meta property=\"article:publisher\" content=\"https:\/\/www.facebook.com\/roulopa\/\" \/>\n<meta property=\"article:modified_time\" content=\"2025-11-07T23:10:03+00:00\" \/>\n<meta property=\"og:image\" content=\"https:\/\/roulopa.com\/wp-content\/uploads\/2020\/12\/timbre_roulopa_2020.jpg\" \/>\n\t<meta property=\"og:image:width\" content=\"1110\" \/>\n\t<meta property=\"og:image:height\" content=\"756\" \/>\n\t<meta property=\"og:image:type\" content=\"image\/jpeg\" \/>\n<meta name=\"twitter:card\" content=\"summary_large_image\" \/>\n<script type=\"application\/ld+json\" class=\"yoast-schema-graph\">{\"@context\":\"https:\\\/\\\/schema.org\",\"@graph\":[{\"@type\":\"WebPage\",\"@id\":\"https:\\\/\\\/roulopa.com\\\/index.php\\\/produit\\\/timbre-roulopa\\\/\",\"url\":\"https:\\\/\\\/roulopa.com\\\/index.php\\\/produit\\\/timbre-roulopa\\\/\",\"name\":\"timbre ROULOPA - Roulopa\",\"isPartOf\":{\"@id\":\"https:\\\/\\\/roulopa.com\\\/#website\"},\"primaryImageOfPage\":{\"@id\":\"https:\\\/\\\/roulopa.com\\\/index.php\\\/produit\\\/timbre-roulopa\\\/#primaryimage\"},\"image\":{\"@id\":\"https:\\\/\\\/roulopa.com\\\/index.php\\\/produit\\\/timbre-roulopa\\\/#primaryimage\"},\"thumbnailUrl\":\"https:\\\/\\\/i0.wp.com\\\/roulopa.com\\\/wp-content\\\/uploads\\\/2020\\\/12\\\/timbre_roulopa_2020.jpg?fit=1110%2C756&ssl=1\",\"datePublished\":\"2020-12-02T19:13:28+00:00\",\"dateModified\":\"2025-11-07T23:10:03+00:00\",\"breadcrumb\":{\"@id\":\"https:\\\/\\\/roulopa.com\\\/index.php\\\/produit\\\/timbre-roulopa\\\/#breadcrumb\"},\"inLanguage\":\"fr-FR\",\"potentialAction\":[{\"@type\":\"ReadAction\",\"target\":[\"https:\\\/\\\/roulopa.com\\\/index.php\\\/produit\\\/timbre-roulopa\\\/\"]}]},{\"@type\":\"ImageObject\",\"inLanguage\":\"fr-FR\",\"@id\":\"https:\\\/\\\/roulopa.com\\\/index.php\\\/produit\\\/timbre-roulopa\\\/#primaryimage\",\"url\":\"https:\\\/\\\/i0.wp.com\\\/roulopa.com\\\/wp-content\\\/uploads\\\/2020\\\/12\\\/timbre_roulopa_2020.jpg?fit=1110%2C756&ssl=1\",\"contentUrl\":\"https:\\\/\\\/i0.wp.com\\\/roulopa.com\\\/wp-content\\\/uploads\\\/2020\\\/12\\\/timbre_roulopa_2020.jpg?fit=1110%2C756&ssl=1\",\"width\":1110,\"height\":756,\"caption\":\"timbre 2020\"},{\"@type\":\"BreadcrumbList\",\"@id\":\"https:\\\/\\\/roulopa.com\\\/index.php\\\/produit\\\/timbre-roulopa\\\/#breadcrumb\",\"itemListElement\":[{\"@type\":\"ListItem\",\"position\":1,\"name\":\"Accueil\",\"item\":\"https:\\\/\\\/roulopa.com\\\/\"},{\"@type\":\"ListItem\",\"position\":2,\"name\":\"Boutique\",\"item\":\"https:\\\/\\\/roulopa.com\\\/index.php\\\/boutique\\\/\"},{\"@type\":\"ListItem\",\"position\":3,\"name\":\"timbre ROULOPA\"}]},{\"@type\":\"WebSite\",\"@id\":\"https:\\\/\\\/roulopa.com\\\/#website\",\"url\":\"https:\\\/\\\/roulopa.com\\\/\",\"name\":\"Roulopa\",\"description\":\"exp\u00e9dition en Roulotte \u00e0 cheval : animations, g\u00eete, accueils scolaires, attelage\",\"publisher\":{\"@id\":\"https:\\\/\\\/roulopa.com\\\/#organization\"},\"potentialAction\":[{\"@type\":\"SearchAction\",\"target\":{\"@type\":\"EntryPoint\",\"urlTemplate\":\"https:\\\/\\\/roulopa.com\\\/?s={search_term_string}\"},\"query-input\":{\"@type\":\"PropertyValueSpecification\",\"valueRequired\":true,\"valueName\":\"search_term_string\"}}],\"inLanguage\":\"fr-FR\"},{\"@type\":\"Organization\",\"@id\":\"https:\\\/\\\/roulopa.com\\\/#organization\",\"name\":\"roulopa\",\"url\":\"https:\\\/\\\/roulopa.com\\\/\",\"logo\":{\"@type\":\"ImageObject\",\"inLanguage\":\"fr-FR\",\"@id\":\"https:\\\/\\\/roulopa.com\\\/#\\\/schema\\\/logo\\\/image\\\/\",\"url\":\"https:\\\/\\\/i2.wp.com\\\/roulopa.com\\\/wp-content\\\/uploads\\\/2017\\\/12\\\/roulopa_final.jpg?fit=2048%2C1011&ssl=1\",\"contentUrl\":\"https:\\\/\\\/i2.wp.com\\\/roulopa.com\\\/wp-content\\\/uploads\\\/2017\\\/12\\\/roulopa_final.jpg?fit=2048%2C1011&ssl=1\",\"width\":2048,\"height\":1011,\"caption\":\"roulopa\"},\"image\":{\"@id\":\"https:\\\/\\\/roulopa.com\\\/#\\\/schema\\\/logo\\\/image\\\/\"},\"sameAs\":[\"https:\\\/\\\/www.facebook.com\\\/roulopa\\\/\",\"https:\\\/\\\/www.instagram.com\\\/roulopa\\\/\",\"https:\\\/\\\/www.pinterest.fr\\\/roulopa\\\/\",\"https:\\\/\\\/www.youtube.com\\\/channel\\\/UC5BRVVWv8QY35HjOtAPaROA\\\/featured\"]}]}<\/script>\n<!-- \/ Yoast SEO plugin. -->","yoast_head_json":{"title":"timbre ROULOPA - Roulopa","robots":{"index":"index","follow":"follow","max-snippet":"max-snippet:-1","max-image-preview":"max-image-preview:large","max-video-preview":"max-video-preview:-1"},"canonical":"https:\/\/roulopa.com\/index.php\/produit\/timbre-roulopa\/","og_locale":"fr_FR","og_type":"article","og_title":"timbre ROULOPA - Roulopa","og_description":"timbre officiel pour 20g en lettre verte en option avec une carte postale uniquement","og_url":"https:\/\/roulopa.com\/index.php\/produit\/timbre-roulopa\/","og_site_name":"Roulopa","article_publisher":"https:\/\/www.facebook.com\/roulopa\/","article_modified_time":"2025-11-07T23:10:03+00:00","og_image":[{"width":1110,"height":756,"url":"https:\/\/roulopa.com\/wp-content\/uploads\/2020\/12\/timbre_roulopa_2020.jpg","type":"image\/jpeg"}],"twitter_card":"summary_large_image","schema":{"@context":"https:\/\/schema.org","@graph":[{"@type":"WebPage","@id":"https:\/\/roulopa.com\/index.php\/produit\/timbre-roulopa\/","url":"https:\/\/roulopa.com\/index.php\/produit\/timbre-roulopa\/","name":"timbre ROULOPA - Roulopa","isPartOf":{"@id":"https:\/\/roulopa.com\/#website"},"primaryImageOfPage":{"@id":"https:\/\/roulopa.com\/index.php\/produit\/timbre-roulopa\/#primaryimage"},"image":{"@id":"https:\/\/roulopa.com\/index.php\/produit\/timbre-roulopa\/#primaryimage"},"thumbnailUrl":"https:\/\/i0.wp.com\/roulopa.com\/wp-content\/uploads\/2020\/12\/timbre_roulopa_2020.jpg?fit=1110%2C756&ssl=1","datePublished":"2020-12-02T19:13:28+00:00","dateModified":"2025-11-07T23:10:03+00:00","breadcrumb":{"@id":"https:\/\/roulopa.com\/index.php\/produit\/timbre-roulopa\/#breadcrumb"},"inLanguage":"fr-FR","potentialAction":[{"@type":"ReadAction","target":["https:\/\/roulopa.com\/index.php\/produit\/timbre-roulopa\/"]}]},{"@type":"ImageObject","inLanguage":"fr-FR","@id":"https:\/\/roulopa.com\/index.php\/produit\/timbre-roulopa\/#primaryimage","url":"https:\/\/i0.wp.com\/roulopa.com\/wp-content\/uploads\/2020\/12\/timbre_roulopa_2020.jpg?fit=1110%2C756&ssl=1","contentUrl":"https:\/\/i0.wp.com\/roulopa.com\/wp-content\/uploads\/2020\/12\/timbre_roulopa_2020.jpg?fit=1110%2C756&ssl=1","width":1110,"height":756,"caption":"timbre 2020"},{"@type":"BreadcrumbList","@id":"https:\/\/roulopa.com\/index.php\/produit\/timbre-roulopa\/#breadcrumb","itemListElement":[{"@type":"ListItem","position":1,"name":"Accueil","item":"https:\/\/roulopa.com\/"},{"@type":"ListItem","position":2,"name":"Boutique","item":"https:\/\/roulopa.com\/index.php\/boutique\/"},{"@type":"ListItem","position":3,"name":"timbre ROULOPA"}]},{"@type":"WebSite","@id":"https:\/\/roulopa.com\/#website","url":"https:\/\/roulopa.com\/","name":"Roulopa","description":"exp\u00e9dition en Roulotte \u00e0 cheval : animations, g\u00eete, accueils scolaires, attelage","publisher":{"@id":"https:\/\/roulopa.com\/#organization"},"potentialAction":[{"@type":"SearchAction","target":{"@type":"EntryPoint","urlTemplate":"https:\/\/roulopa.com\/?s={search_term_string}"},"query-input":{"@type":"PropertyValueSpecification","valueRequired":true,"valueName":"search_term_string"}}],"inLanguage":"fr-FR"},{"@type":"Organization","@id":"https:\/\/roulopa.com\/#organization","name":"roulopa","url":"https:\/\/roulopa.com\/","logo":{"@type":"ImageObject","inLanguage":"fr-FR","@id":"https:\/\/roulopa.com\/#\/schema\/logo\/image\/","url":"https:\/\/i2.wp.com\/roulopa.com\/wp-content\/uploads\/2017\/12\/roulopa_final.jpg?fit=2048%2C1011&ssl=1","contentUrl":"https:\/\/i2.wp.com\/roulopa.com\/wp-content\/uploads\/2017\/12\/roulopa_final.jpg?fit=2048%2C1011&ssl=1","width":2048,"height":1011,"caption":"roulopa"},"image":{"@id":"https:\/\/roulopa.com\/#\/schema\/logo\/image\/"},"sameAs":["https:\/\/www.facebook.com\/roulopa\/","https:\/\/www.instagram.com\/roulopa\/","https:\/\/www.pinterest.fr\/roulopa\/","https:\/\/www.youtube.com\/channel\/UC5BRVVWv8QY35HjOtAPaROA\/featured"]}]}},"jetpack_publicize_connections":[],"jetpack_sharing_enabled":true,"_links":{"self":[{"href":"https:\/\/roulopa.com\/index.php\/wp-json\/wp\/v2\/product\/2557","targetHints":{"allow":["GET"]}}],"collection":[{"href":"https:\/\/roulopa.com\/index.php\/wp-json\/wp\/v2\/product"}],"about":[{"href":"https:\/\/roulopa.com\/index.php\/wp-json\/wp\/v2\/types\/product"}],"replies":[{"embeddable":true,"href":"https:\/\/roulopa.com\/index.php\/wp-json\/wp\/v2\/comments?post=2557"}],"wp:featuredmedia":[{"embeddable":true,"href":"https:\/\/roulopa.com\/index.php\/wp-json\/wp\/v2\/media\/2593"}],"wp:attachment":[{"href":"https:\/\/roulopa.com\/index.php\/wp-json\/wp\/v2\/media?parent=2557"}],"wp:term":[{"taxonomy":"product_brand","embeddable":true,"href":"https:\/\/roulopa.com\/index.php\/wp-json\/wp\/v2\/product_brand?post=2557"},{"taxonomy":"product_cat","embeddable":true,"href":"https:\/\/roulopa.com\/index.php\/wp-json\/wp\/v2\/product_cat?post=2557"},{"taxonomy":"product_tag","embeddable":true,"href":"https:\/\/roulopa.com\/index.php\/wp-json\/wp\/v2\/product_tag?post=2557"}],"curies":[{"name":"wp","href":"https:\/\/api.w.org\/{rel}","templated":true}]}}